{"id":1789,"date":"2025-07-20T21:49:04","date_gmt":"2025-07-20T20:49:04","guid":{"rendered":"https:\/\/la-cortigiana.it\/?post_type=product&#038;p=1789"},"modified":"2025-10-10T02:51:21","modified_gmt":"2025-10-10T01:51:21","slug":"vixen-talisman","status":"publish","type":"product","link":"https:\/\/la-cortigiana.it\/it\/prodotto\/vixen-talisman\/","title":{"rendered":"VIXEN \u2013 Talismano per gli inesplorati"},"content":{"rendered":"<p data-start=\"570\" data-end=\"641\"><strong data-start=\"570\" data-end=\"641\">Lei non \u00e8 l\u00ec. Ritorna. Ecco perch\u00e9 non riesce a smettere di guardarla.<\/strong><\/p>\n<p data-start=\"643\" data-end=\"757\">IL <em data-start=\"647\" data-end=\"654\">VOLPE<\/em> Il ciondolo \u00e8 un talismano per le donne che non chiedono il permesso, ma accettano doni che valgono pi\u00f9 delle parole.<\/p>\n<p data-start=\"759\" data-end=\"969\">Realizzata con dettagli minimalisti, questa piccola silhouette di volpe si indossa aderente al collo, con un morbido cordino in pelle. Un simbolo della natura selvaggia, di chi gioca secondo le proprie regole e sceglie comunque di tornare.<\/p>\n<p data-start=\"971\" data-end=\"1060\">Che sia un regalo, una richiesta o un semplice gesto da parte di qualcuno, comunica qualcosa che solo pochi sentiranno.<\/p>\n<ul data-start=\"1062\" data-end=\"1214\">\n<li data-start=\"1062\" data-end=\"1102\">\n<p data-start=\"1064\" data-end=\"1102\">Ciondolo in metallo massiccio (sagoma di volpe)<\/p>\n<\/li>\n<li data-start=\"1103\" data-end=\"1147\">\n<p data-start=\"1105\" data-end=\"1147\">Cordoncino in pelle naturale (lunghezza regolabile)<\/p>\n<\/li>\n<li data-start=\"1148\" data-end=\"1179\">\n<p data-start=\"1150\" data-end=\"1179\">Spedito in un imballaggio discreto<\/p>\n<\/li>\n<li data-start=\"1180\" data-end=\"1214\">\n<p data-start=\"1182\" data-end=\"1214\">Carta incisa opzionale disponibile<\/p>\n<\/li>\n<\/ul>\n<p data-start=\"1216\" data-end=\"1318\"><strong data-start=\"1216\" data-end=\"1255\">Parte della nostra collezione Stag &amp; Vixen<\/strong><\/p>","protected":false},"excerpt":{"rendered":"<p data-start=\"262\" data-end=\"444\">Ciondolo minimalista a forma di volpe con cordino regolabile in pelle: un talismano discreto per donne audaci. Realizzato in metallo massiccio, confezionato in una scatola discreta con biglietto d&#039;auguri opzionale.<\/p>","protected":false},"featured_media":1790,"comment_status":"open","ping_status":"closed","template":"","meta":{"nf_dc_page":"","googlesitekit_rrm_CAowrc_CDA:productID":""},"product_brand":[],"product_cat":[26],"product_tag":[237],"class_list":{"0":"post-1789","1":"product","2":"type-product","3":"status-publish","4":"has-post-thumbnail","6":"product_cat-bracelets-pendants","7":"product_tag-stagvixen","9":"first","10":"instock","11":"shipping-taxable","12":"purchasable","13":"product-type-simple"},"yoast_head":"<!-- This site is optimized with the Yoast SEO Premium plugin v25.6 (Yoast SEO v27.4) - https:\/\/yoast.com\/product\/yoast-seo-premium-wordpress\/ -->\n<title>VIXEN - Talisman for the Uncaught | Symbol Jewelry &amp; Erotic Accessories \u2013 Handmade in Italy<\/title>\n<meta name=\"description\" content=\"Indulge in VIXEN - Talisman for the Uncaught \u2013 handcrafted in Italy. Discreet symbol jewelry, erotic leather accessories and intimate pieces for hotwife, cuckold and lifestyle dynamics. Worldwide shipping.\" \/>\n<meta name=\"robots\" content=\"index, follow, max-snippet:-1, max-image-preview:large, max-video-preview:-1\" \/>\n<link rel=\"canonical\" href=\"https:\/\/la-cortigiana.it\/it\/prodotto\/vixen-talisman\/\" \/>\n<meta property=\"og:locale\" content=\"it_IT\" \/>\n<meta property=\"og:type\" content=\"article\" \/>\n<meta property=\"og:title\" content=\"VIXEN - Talisman for the Uncaught | La Cortigiana \u2013 Handcrafted in Italy\" \/>\n<meta property=\"og:description\" content=\"Luxury handcrafted lingerie &amp; accessories from Italy. Sheer, sensual, made for bold desires. Discreet worldwide delivery.\" \/>\n<meta property=\"og:url\" content=\"https:\/\/la-cortigiana.it\/it\/prodotto\/vixen-talisman\/\" \/>\n<meta property=\"og:site_name\" content=\"La Cortigiana | Handcrafted Leather Accessories for Bold Desires\" \/>\n<meta property=\"article:publisher\" content=\"https:\/\/www.facebook.com\/LaCortigiana\/\" \/>\n<meta property=\"article:modified_time\" content=\"2025-10-10T01:51:21+00:00\" \/>\n<meta property=\"og:image\" content=\"https:\/\/la-cortigiana.it\/wp-content\/uploads\/2025\/07\/DSCF7715.jpg\" \/>\n\t<meta property=\"og:image:width\" content=\"1536\" \/>\n\t<meta property=\"og:image:height\" content=\"1920\" \/>\n\t<meta property=\"og:image:type\" content=\"image\/jpeg\" \/>\n<meta name=\"twitter:card\" content=\"summary_large_image\" \/>\n<meta name=\"twitter:site\" content=\"@la_cortigianait\" \/>\n<meta name=\"twitter:label1\" content=\"Tempo di lettura stimato\" \/>\n\t<meta name=\"twitter:data1\" content=\"1 minuto\" \/>\n<script type=\"application\/ld+json\" class=\"yoast-schema-graph\">{\"@context\":\"https:\\\/\\\/schema.org\",\"@graph\":[{\"@type\":[\"WebPage\",\"ItemPage\"],\"@id\":\"https:\\\/\\\/la-cortigiana.it\\\/product\\\/vixen-talisman\\\/\",\"url\":\"https:\\\/\\\/la-cortigiana.it\\\/product\\\/vixen-talisman\\\/\",\"name\":\"VIXEN - Talisman for the Uncaught | Symbol Jewelry & Erotic Accessories \u2013 Handmade in Italy\",\"isPartOf\":{\"@id\":\"https:\\\/\\\/la-cortigiana.it\\\/#website\"},\"primaryImageOfPage\":{\"@id\":\"https:\\\/\\\/la-cortigiana.it\\\/product\\\/vixen-talisman\\\/#primaryimage\"},\"image\":{\"@id\":\"https:\\\/\\\/la-cortigiana.it\\\/product\\\/vixen-talisman\\\/#primaryimage\"},\"thumbnailUrl\":\"https:\\\/\\\/la-cortigiana.it\\\/wp-content\\\/uploads\\\/2025\\\/07\\\/DSCF7715.jpg\",\"datePublished\":\"2025-07-20T20:49:04+00:00\",\"dateModified\":\"2025-10-10T01:51:21+00:00\",\"description\":\"Indulge in VIXEN - Talisman for the Uncaught \u2013 handcrafted in Italy. Discreet symbol jewelry, erotic leather accessories and intimate pieces for hotwife, cuckold and lifestyle dynamics. Worldwide shipping.\",\"breadcrumb\":{\"@id\":\"https:\\\/\\\/la-cortigiana.it\\\/product\\\/vixen-talisman\\\/#breadcrumb\"},\"inLanguage\":\"it-IT\",\"potentialAction\":[{\"@type\":\"ReadAction\",\"target\":[\"https:\\\/\\\/la-cortigiana.it\\\/product\\\/vixen-talisman\\\/\"]}]},{\"@type\":\"ImageObject\",\"inLanguage\":\"it-IT\",\"@id\":\"https:\\\/\\\/la-cortigiana.it\\\/product\\\/vixen-talisman\\\/#primaryimage\",\"url\":\"https:\\\/\\\/la-cortigiana.it\\\/wp-content\\\/uploads\\\/2025\\\/07\\\/DSCF7715.jpg\",\"contentUrl\":\"https:\\\/\\\/la-cortigiana.it\\\/wp-content\\\/uploads\\\/2025\\\/07\\\/DSCF7715.jpg\",\"width\":1536,\"height\":1920,\"caption\":\"Vixen pendant by La Cortigiana\"},{\"@type\":\"BreadcrumbList\",\"@id\":\"https:\\\/\\\/la-cortigiana.it\\\/product\\\/vixen-talisman\\\/#breadcrumb\",\"itemListElement\":[{\"@type\":\"ListItem\",\"position\":1,\"name\":\"Home\",\"item\":\"https:\\\/\\\/la-cortigiana.it\\\/\"},{\"@type\":\"ListItem\",\"position\":2,\"name\":\"Shop\",\"item\":\"https:\\\/\\\/la-cortigiana.it\\\/shop\\\/\"},{\"@type\":\"ListItem\",\"position\":3,\"name\":\"VIXEN &#8211; Talisman for the Uncaught\"}]},{\"@type\":\"WebSite\",\"@id\":\"https:\\\/\\\/la-cortigiana.it\\\/#website\",\"url\":\"https:\\\/\\\/la-cortigiana.it\\\/\",\"name\":\"La Cortigiana | Discreet Symbol Jewelry & Erotic Leather, Handmade in Italy\",\"description\":\"Quiet Marks of Chosen Desire\",\"publisher\":{\"@id\":\"https:\\\/\\\/la-cortigiana.it\\\/#organization\"},\"potentialAction\":[{\"@type\":\"SearchAction\",\"target\":{\"@type\":\"EntryPoint\",\"urlTemplate\":\"https:\\\/\\\/la-cortigiana.it\\\/?s={search_term_string}\"},\"query-input\":{\"@type\":\"PropertyValueSpecification\",\"valueRequired\":true,\"valueName\":\"search_term_string\"}}],\"inLanguage\":\"it-IT\"},{\"@type\":\"Organization\",\"@id\":\"https:\\\/\\\/la-cortigiana.it\\\/#organization\",\"name\":\"La Cortigiana\",\"url\":\"https:\\\/\\\/la-cortigiana.it\\\/\",\"logo\":{\"@type\":\"ImageObject\",\"inLanguage\":\"it-IT\",\"@id\":\"https:\\\/\\\/la-cortigiana.it\\\/#\\\/schema\\\/logo\\\/image\\\/\",\"url\":\"https:\\\/\\\/la-cortigiana.it\\\/wp-content\\\/uploads\\\/2025\\\/01\\\/La-Cortigiana.png\",\"contentUrl\":\"https:\\\/\\\/la-cortigiana.it\\\/wp-content\\\/uploads\\\/2025\\\/01\\\/La-Cortigiana.png\",\"width\":1646,\"height\":575,\"caption\":\"La Cortigiana\"},\"image\":{\"@id\":\"https:\\\/\\\/la-cortigiana.it\\\/#\\\/schema\\\/logo\\\/image\\\/\"},\"sameAs\":[\"https:\\\/\\\/www.facebook.com\\\/LaCortigiana\\\/\",\"https:\\\/\\\/x.com\\\/la_cortigianait\",\"https:\\\/\\\/www.instagram.com\\\/la_cortigiana.it\",\"https:\\\/\\\/substack.com\\\/@lacortigiana\"]}]}<\/script>\n<!-- \/ Yoast SEO Premium plugin. -->","yoast_head_json":{"title":"VIXEN - Talisman for the Uncaught | Symbol Jewelry & Erotic Accessories \u2013 Handmade in Italy","description":"Indulge in VIXEN - Talisman for the Uncaught \u2013 handcrafted in Italy. Discreet symbol jewelry, erotic leather accessories and intimate pieces for hotwife, cuckold and lifestyle dynamics. Worldwide shipping.","robots":{"index":"index","follow":"follow","max-snippet":"max-snippet:-1","max-image-preview":"max-image-preview:large","max-video-preview":"max-video-preview:-1"},"canonical":"https:\/\/la-cortigiana.it\/it\/prodotto\/vixen-talisman\/","og_locale":"it_IT","og_type":"article","og_title":"VIXEN - Talisman for the Uncaught | La Cortigiana \u2013 Handcrafted in Italy","og_description":"Luxury handcrafted lingerie & accessories from Italy. Sheer, sensual, made for bold desires. Discreet worldwide delivery.","og_url":"https:\/\/la-cortigiana.it\/it\/prodotto\/vixen-talisman\/","og_site_name":"La Cortigiana | Handcrafted Leather Accessories for Bold Desires","article_publisher":"https:\/\/www.facebook.com\/LaCortigiana\/","article_modified_time":"2025-10-10T01:51:21+00:00","og_image":[{"width":1536,"height":1920,"url":"https:\/\/la-cortigiana.it\/wp-content\/uploads\/2025\/07\/DSCF7715.jpg","type":"image\/jpeg"}],"twitter_card":"summary_large_image","twitter_site":"@la_cortigianait","twitter_misc":{"Tempo di lettura stimato":"1 minuto"},"schema":{"@context":"https:\/\/schema.org","@graph":[{"@type":["WebPage","ItemPage"],"@id":"https:\/\/la-cortigiana.it\/product\/vixen-talisman\/","url":"https:\/\/la-cortigiana.it\/product\/vixen-talisman\/","name":"VIXEN - Talisman for the Uncaught | Symbol Jewelry & Erotic Accessories \u2013 Handmade in Italy","isPartOf":{"@id":"https:\/\/la-cortigiana.it\/#website"},"primaryImageOfPage":{"@id":"https:\/\/la-cortigiana.it\/product\/vixen-talisman\/#primaryimage"},"image":{"@id":"https:\/\/la-cortigiana.it\/product\/vixen-talisman\/#primaryimage"},"thumbnailUrl":"https:\/\/la-cortigiana.it\/wp-content\/uploads\/2025\/07\/DSCF7715.jpg","datePublished":"2025-07-20T20:49:04+00:00","dateModified":"2025-10-10T01:51:21+00:00","description":"Indulge in VIXEN - Talisman for the Uncaught \u2013 handcrafted in Italy. Discreet symbol jewelry, erotic leather accessories and intimate pieces for hotwife, cuckold and lifestyle dynamics. Worldwide shipping.","breadcrumb":{"@id":"https:\/\/la-cortigiana.it\/product\/vixen-talisman\/#breadcrumb"},"inLanguage":"it-IT","potentialAction":[{"@type":"ReadAction","target":["https:\/\/la-cortigiana.it\/product\/vixen-talisman\/"]}]},{"@type":"ImageObject","inLanguage":"it-IT","@id":"https:\/\/la-cortigiana.it\/product\/vixen-talisman\/#primaryimage","url":"https:\/\/la-cortigiana.it\/wp-content\/uploads\/2025\/07\/DSCF7715.jpg","contentUrl":"https:\/\/la-cortigiana.it\/wp-content\/uploads\/2025\/07\/DSCF7715.jpg","width":1536,"height":1920,"caption":"Vixen pendant by La Cortigiana"},{"@type":"BreadcrumbList","@id":"https:\/\/la-cortigiana.it\/product\/vixen-talisman\/#breadcrumb","itemListElement":[{"@type":"ListItem","position":1,"name":"Home","item":"https:\/\/la-cortigiana.it\/"},{"@type":"ListItem","position":2,"name":"Shop","item":"https:\/\/la-cortigiana.it\/shop\/"},{"@type":"ListItem","position":3,"name":"VIXEN &#8211; Talisman for the Uncaught"}]},{"@type":"WebSite","@id":"https:\/\/la-cortigiana.it\/#website","url":"https:\/\/la-cortigiana.it\/","name":"La Cortigiana | Gioielli con simboli discreti e pelle erotica, fatti a mano in Italia","description":"Segni silenziosi del desiderio scelto","publisher":{"@id":"https:\/\/la-cortigiana.it\/#organization"},"potentialAction":[{"@type":"SearchAction","target":{"@type":"EntryPoint","urlTemplate":"https:\/\/la-cortigiana.it\/?s={search_term_string}"},"query-input":{"@type":"PropertyValueSpecification","valueRequired":true,"valueName":"search_term_string"}}],"inLanguage":"it-IT"},{"@type":"Organization","@id":"https:\/\/la-cortigiana.it\/#organization","name":"La Cortigiana","url":"https:\/\/la-cortigiana.it\/","logo":{"@type":"ImageObject","inLanguage":"it-IT","@id":"https:\/\/la-cortigiana.it\/#\/schema\/logo\/image\/","url":"https:\/\/la-cortigiana.it\/wp-content\/uploads\/2025\/01\/La-Cortigiana.png","contentUrl":"https:\/\/la-cortigiana.it\/wp-content\/uploads\/2025\/01\/La-Cortigiana.png","width":1646,"height":575,"caption":"La Cortigiana"},"image":{"@id":"https:\/\/la-cortigiana.it\/#\/schema\/logo\/image\/"},"sameAs":["https:\/\/www.facebook.com\/LaCortigiana\/","https:\/\/x.com\/la_cortigianait","https:\/\/www.instagram.com\/la_cortigiana.it","https:\/\/substack.com\/@lacortigiana"]}]}},"_links":{"self":[{"href":"https:\/\/la-cortigiana.it\/it\/wp-json\/wp\/v2\/product\/1789","targetHints":{"allow":["GET"]}}],"collection":[{"href":"https:\/\/la-cortigiana.it\/it\/wp-json\/wp\/v2\/product"}],"about":[{"href":"https:\/\/la-cortigiana.it\/it\/wp-json\/wp\/v2\/types\/product"}],"replies":[{"embeddable":true,"href":"https:\/\/la-cortigiana.it\/it\/wp-json\/wp\/v2\/comments?post=1789"}],"wp:featuredmedia":[{"embeddable":true,"href":"https:\/\/la-cortigiana.it\/it\/wp-json\/wp\/v2\/media\/1790"}],"wp:attachment":[{"href":"https:\/\/la-cortigiana.it\/it\/wp-json\/wp\/v2\/media?parent=1789"}],"wp:term":[{"taxonomy":"product_brand","embeddable":true,"href":"https:\/\/la-cortigiana.it\/it\/wp-json\/wp\/v2\/product_brand?post=1789"},{"taxonomy":"product_cat","embeddable":true,"href":"https:\/\/la-cortigiana.it\/it\/wp-json\/wp\/v2\/product_cat?post=1789"},{"taxonomy":"product_tag","embeddable":true,"href":"https:\/\/la-cortigiana.it\/it\/wp-json\/wp\/v2\/product_tag?post=1789"}],"curies":[{"name":"wp","href":"https:\/\/api.w.org\/{rel}","templated":true}]}}