{"id":2143,"date":"2025-12-22T11:16:54","date_gmt":"2025-12-22T10:16:54","guid":{"rendered":"https:\/\/la-cortigiana.it\/?post_type=product&#038;p=2143"},"modified":"2025-12-22T11:39:16","modified_gmt":"2025-12-22T10:39:16","slug":"couple-set","status":"publish","type":"product","link":"https:\/\/la-cortigiana.it\/it\/prodotto\/couple-set\/","title":{"rendered":"Set di coppia"},"content":{"rendered":"<div class=\"column mcb-column mcb-item-059c220df one laptop-one tablet-one mobile-one column_heading\">\n<div class=\"mcb-column-inner mfn-module-wrapper mcb-column-inner-059c220df mcb-item-heading-inner\">\n<p data-start=\"158\" data-end=\"341\">Questo set intimo \u00e8 concepito come un rituale condiviso di fiducia, vicinanza e desiderio simbolico: un&#039;esperienza coesa progettata per svolgersi lentamente, con intenzione<\/p>\n<p data-start=\"343\" data-end=\"372\">All&#039;interno della scatola troverete:<\/p>\n<p data-start=\"374\" data-end=\"1039\">\u2022 <strong data-start=\"376\" data-end=\"416\">Mutandine trasparenti con ricamo personalizzato<\/strong>, creato come una dichiarazione personale indossata a stretto contatto con il corpo, recante parole scelte per rimanere private.<br data-start=\"514\" data-end=\"517\" \/>\u2022 <strong data-start=\"519\" data-end=\"539\">Una benda di seta<\/strong>, ricamato con la frase <em data-start=\"569\" data-end=\"607\">\u201c&quot;Tutto ci\u00f2 che nascondo, lo nascondo per te.&quot;\u201d<\/em>, invitando alla vulnerabilit\u00e0, alla fiducia e alla resa intenzionale della vista.<br data-start=\"675\" data-end=\"678\" \/>\u2022 <strong data-start=\"680\" data-end=\"699\">Un balsamo per il clitoride<\/strong>, formulato per offrire calore, comfort e cura, fondando l&#039;intimit\u00e0 sulla sensazione e sulla presenza corporea.<br data-start=\"802\" data-end=\"805\" \/>\u2022 <strong data-start=\"807\" data-end=\"843\">Un braccialetto con un ciondolo simbolico e perverso<\/strong>, sottile e aperto all&#039;interpretazione: un segno silenzioso compreso solo dalle persone coinvolte.<br data-start=\"928\" data-end=\"931\" \/>\u2022 <strong data-start=\"933\" data-end=\"958\">Una busta decorativa<\/strong>, progettato per contenere un messaggio, una nota o semplicemente una pausa prima dell&#039;inizio del rituale.<\/p>\n<p data-start=\"1041\" data-end=\"1111\">Niente in questo set \u00e8 esplicito.<br data-start=\"1073\" data-end=\"1076\" \/>Niente \u00e8 affrettato o istruttivo.<\/p>\n<p data-start=\"1113\" data-end=\"1340\">Ogni elemento favorisce la connessione, il consenso e l&#039;attenzione: prima del contatto, durante l&#039;intimit\u00e0 e dopo l&#039;intensit\u00e0. Il set \u00e8 pensato per le coppie che concepiscono l&#039;intimit\u00e0 come un linguaggio condiviso basato sulla fiducia piuttosto che sulla performance.<\/p>\n<p data-start=\"1342\" data-end=\"1466\" data-is-last-node=\"\" data-is-only-node=\"\">Fatto a mano in Italia.<br data-start=\"1363\" data-end=\"1366\" \/>Sono disponibili ricami e personalizzazioni personalizzati.<br data-start=\"1414\" data-end=\"1417\" \/>Creato per essere sentito, ricordato e mantenuto privato.<\/p>\n<\/div>\n<\/div>","protected":false},"excerpt":{"rendered":"<p data-start=\"191\" data-end=\"512\">Un set intimo creato come un rituale condiviso di fiducia, vicinanza e desiderio simbolico.<br data-start=\"276\" data-end=\"279\" \/>Combinando lingerie trasparente, una benda di seta con una confessione silenziosa, cura intima e un simbolo personale, questo set \u00e8 progettato per approfondire la connessione, rallentare il momento e trasformare l&#039;intimit\u00e0 in un&#039;esperienza deliberata e significativa per due.<\/p>","protected":false},"featured_media":2144,"comment_status":"open","ping_status":"closed","template":"","meta":{"nf_dc_page":"","googlesitekit_rrm_CAowrc_CDA:productID":""},"product_brand":[],"product_cat":[226],"product_tag":[35],"class_list":{"0":"post-2143","1":"product","2":"type-product","3":"status-publish","4":"has-post-thumbnail","6":"product_cat-boxes","7":"product_tag-hotwife","9":"first","10":"instock","11":"shipping-taxable","12":"purchasable","13":"product-type-simple"},"yoast_head":"<!-- This site is optimized with the Yoast SEO Premium plugin v25.6 (Yoast SEO v27.4) - https:\/\/yoast.com\/product\/yoast-seo-premium-wordpress\/ -->\n<title>Couple Set | Symbol Jewelry &amp; Erotic Accessories \u2013 Handmade in Italy<\/title>\n<meta name=\"description\" content=\"Indulge in Couple Set \u2013 handcrafted in Italy. Discreet symbol jewelry, erotic leather accessories and intimate pieces for hotwife, cuckold and lifestyle dynamics. Worldwide shipping.\" \/>\n<meta name=\"robots\" content=\"index, follow, max-snippet:-1, max-image-preview:large, max-video-preview:-1\" \/>\n<link rel=\"canonical\" href=\"https:\/\/la-cortigiana.it\/it\/prodotto\/couple-set\/\" \/>\n<meta property=\"og:locale\" content=\"it_IT\" \/>\n<meta property=\"og:type\" content=\"article\" \/>\n<meta property=\"og:title\" content=\"Couple Set | La Cortigiana \u2013 Handcrafted in Italy\" \/>\n<meta property=\"og:description\" content=\"Luxury handcrafted lingerie &amp; accessories from Italy. Sheer, sensual, made for bold desires. Discreet worldwide delivery.\" \/>\n<meta property=\"og:url\" content=\"https:\/\/la-cortigiana.it\/it\/prodotto\/couple-set\/\" \/>\n<meta property=\"og:site_name\" content=\"La Cortigiana | Handcrafted Leather Accessories for Bold Desires\" \/>\n<meta property=\"article:publisher\" content=\"https:\/\/www.facebook.com\/LaCortigiana\/\" \/>\n<meta property=\"article:modified_time\" content=\"2025-12-22T10:39:16+00:00\" \/>\n<meta property=\"og:image\" content=\"https:\/\/la-cortigiana.it\/wp-content\/uploads\/2025\/12\/DSCF5810.jpg\" \/>\n\t<meta property=\"og:image:width\" content=\"1600\" \/>\n\t<meta property=\"og:image:height\" content=\"2000\" \/>\n\t<meta property=\"og:image:type\" content=\"image\/jpeg\" \/>\n<meta name=\"twitter:card\" content=\"summary_large_image\" \/>\n<meta name=\"twitter:site\" content=\"@la_cortigianait\" \/>\n<meta name=\"twitter:label1\" content=\"Tempo di lettura stimato\" \/>\n\t<meta name=\"twitter:data1\" content=\"2 minuti\" \/>\n<script type=\"application\/ld+json\" class=\"yoast-schema-graph\">{\"@context\":\"https:\\\/\\\/schema.org\",\"@graph\":[{\"@type\":[\"WebPage\",\"ItemPage\"],\"@id\":\"https:\\\/\\\/la-cortigiana.it\\\/it\\\/prodotto\\\/couple-set\\\/\",\"url\":\"https:\\\/\\\/la-cortigiana.it\\\/it\\\/prodotto\\\/couple-set\\\/\",\"name\":\"Couple Set | Symbol Jewelry & Erotic Accessories \u2013 Handmade in Italy\",\"isPartOf\":{\"@id\":\"https:\\\/\\\/la-cortigiana.it\\\/#website\"},\"primaryImageOfPage\":{\"@id\":\"https:\\\/\\\/la-cortigiana.it\\\/it\\\/prodotto\\\/couple-set\\\/#primaryimage\"},\"image\":{\"@id\":\"https:\\\/\\\/la-cortigiana.it\\\/it\\\/prodotto\\\/couple-set\\\/#primaryimage\"},\"thumbnailUrl\":\"https:\\\/\\\/la-cortigiana.it\\\/wp-content\\\/uploads\\\/2025\\\/12\\\/DSCF5810.jpg\",\"datePublished\":\"2025-12-22T10:16:54+00:00\",\"dateModified\":\"2025-12-22T10:39:16+00:00\",\"description\":\"Indulge in Couple Set \u2013 handcrafted in Italy. Discreet symbol jewelry, erotic leather accessories and intimate pieces for hotwife, cuckold and lifestyle dynamics. Worldwide shipping.\",\"breadcrumb\":{\"@id\":\"https:\\\/\\\/la-cortigiana.it\\\/it\\\/prodotto\\\/couple-set\\\/#breadcrumb\"},\"inLanguage\":\"it-IT\",\"potentialAction\":[{\"@type\":\"ReadAction\",\"target\":[\"https:\\\/\\\/la-cortigiana.it\\\/it\\\/prodotto\\\/couple-set\\\/\"]}]},{\"@type\":\"ImageObject\",\"inLanguage\":\"it-IT\",\"@id\":\"https:\\\/\\\/la-cortigiana.it\\\/it\\\/prodotto\\\/couple-set\\\/#primaryimage\",\"url\":\"https:\\\/\\\/la-cortigiana.it\\\/wp-content\\\/uploads\\\/2025\\\/12\\\/DSCF5810.jpg\",\"contentUrl\":\"https:\\\/\\\/la-cortigiana.it\\\/wp-content\\\/uploads\\\/2025\\\/12\\\/DSCF5810.jpg\",\"width\":1600,\"height\":2000,\"caption\":\"Couple set by La Cortigiana\"},{\"@type\":\"BreadcrumbList\",\"@id\":\"https:\\\/\\\/la-cortigiana.it\\\/it\\\/prodotto\\\/couple-set\\\/#breadcrumb\",\"itemListElement\":[{\"@type\":\"ListItem\",\"position\":1,\"name\":\"Home\",\"item\":\"https:\\\/\\\/la-cortigiana.it\\\/\"},{\"@type\":\"ListItem\",\"position\":2,\"name\":\"Shop\",\"item\":\"https:\\\/\\\/la-cortigiana.it\\\/shop\\\/\"},{\"@type\":\"ListItem\",\"position\":3,\"name\":\"Couple Set\"}]},{\"@type\":\"WebSite\",\"@id\":\"https:\\\/\\\/la-cortigiana.it\\\/#website\",\"url\":\"https:\\\/\\\/la-cortigiana.it\\\/\",\"name\":\"La Cortigiana | Discreet Symbol Jewelry & Erotic Leather, Handmade in Italy\",\"description\":\"Quiet Marks of Chosen Desire\",\"publisher\":{\"@id\":\"https:\\\/\\\/la-cortigiana.it\\\/#organization\"},\"potentialAction\":[{\"@type\":\"SearchAction\",\"target\":{\"@type\":\"EntryPoint\",\"urlTemplate\":\"https:\\\/\\\/la-cortigiana.it\\\/?s={search_term_string}\"},\"query-input\":{\"@type\":\"PropertyValueSpecification\",\"valueRequired\":true,\"valueName\":\"search_term_string\"}}],\"inLanguage\":\"it-IT\"},{\"@type\":\"Organization\",\"@id\":\"https:\\\/\\\/la-cortigiana.it\\\/#organization\",\"name\":\"La Cortigiana\",\"url\":\"https:\\\/\\\/la-cortigiana.it\\\/\",\"logo\":{\"@type\":\"ImageObject\",\"inLanguage\":\"it-IT\",\"@id\":\"https:\\\/\\\/la-cortigiana.it\\\/#\\\/schema\\\/logo\\\/image\\\/\",\"url\":\"https:\\\/\\\/la-cortigiana.it\\\/wp-content\\\/uploads\\\/2025\\\/01\\\/La-Cortigiana.png\",\"contentUrl\":\"https:\\\/\\\/la-cortigiana.it\\\/wp-content\\\/uploads\\\/2025\\\/01\\\/La-Cortigiana.png\",\"width\":1646,\"height\":575,\"caption\":\"La Cortigiana\"},\"image\":{\"@id\":\"https:\\\/\\\/la-cortigiana.it\\\/#\\\/schema\\\/logo\\\/image\\\/\"},\"sameAs\":[\"https:\\\/\\\/www.facebook.com\\\/LaCortigiana\\\/\",\"https:\\\/\\\/x.com\\\/la_cortigianait\",\"https:\\\/\\\/www.instagram.com\\\/la_cortigiana.it\",\"https:\\\/\\\/substack.com\\\/@lacortigiana\"]}]}<\/script>\n<!-- \/ Yoast SEO Premium plugin. -->","yoast_head_json":{"title":"Couple Set | Symbol Jewelry & Erotic Accessories \u2013 Handmade in Italy","description":"Indulge in Couple Set \u2013 handcrafted in Italy. Discreet symbol jewelry, erotic leather accessories and intimate pieces for hotwife, cuckold and lifestyle dynamics. Worldwide shipping.","robots":{"index":"index","follow":"follow","max-snippet":"max-snippet:-1","max-image-preview":"max-image-preview:large","max-video-preview":"max-video-preview:-1"},"canonical":"https:\/\/la-cortigiana.it\/it\/prodotto\/couple-set\/","og_locale":"it_IT","og_type":"article","og_title":"Couple Set | La Cortigiana \u2013 Handcrafted in Italy","og_description":"Luxury handcrafted lingerie & accessories from Italy. Sheer, sensual, made for bold desires. Discreet worldwide delivery.","og_url":"https:\/\/la-cortigiana.it\/it\/prodotto\/couple-set\/","og_site_name":"La Cortigiana | Handcrafted Leather Accessories for Bold Desires","article_publisher":"https:\/\/www.facebook.com\/LaCortigiana\/","article_modified_time":"2025-12-22T10:39:16+00:00","og_image":[{"width":1600,"height":2000,"url":"https:\/\/la-cortigiana.it\/wp-content\/uploads\/2025\/12\/DSCF5810.jpg","type":"image\/jpeg"}],"twitter_card":"summary_large_image","twitter_site":"@la_cortigianait","twitter_misc":{"Tempo di lettura stimato":"2 minuti"},"schema":{"@context":"https:\/\/schema.org","@graph":[{"@type":["WebPage","ItemPage"],"@id":"https:\/\/la-cortigiana.it\/it\/prodotto\/couple-set\/","url":"https:\/\/la-cortigiana.it\/it\/prodotto\/couple-set\/","name":"Couple Set | Symbol Jewelry & Erotic Accessories \u2013 Handmade in Italy","isPartOf":{"@id":"https:\/\/la-cortigiana.it\/#website"},"primaryImageOfPage":{"@id":"https:\/\/la-cortigiana.it\/it\/prodotto\/couple-set\/#primaryimage"},"image":{"@id":"https:\/\/la-cortigiana.it\/it\/prodotto\/couple-set\/#primaryimage"},"thumbnailUrl":"https:\/\/la-cortigiana.it\/wp-content\/uploads\/2025\/12\/DSCF5810.jpg","datePublished":"2025-12-22T10:16:54+00:00","dateModified":"2025-12-22T10:39:16+00:00","description":"Indulge in Couple Set \u2013 handcrafted in Italy. Discreet symbol jewelry, erotic leather accessories and intimate pieces for hotwife, cuckold and lifestyle dynamics. Worldwide shipping.","breadcrumb":{"@id":"https:\/\/la-cortigiana.it\/it\/prodotto\/couple-set\/#breadcrumb"},"inLanguage":"it-IT","potentialAction":[{"@type":"ReadAction","target":["https:\/\/la-cortigiana.it\/it\/prodotto\/couple-set\/"]}]},{"@type":"ImageObject","inLanguage":"it-IT","@id":"https:\/\/la-cortigiana.it\/it\/prodotto\/couple-set\/#primaryimage","url":"https:\/\/la-cortigiana.it\/wp-content\/uploads\/2025\/12\/DSCF5810.jpg","contentUrl":"https:\/\/la-cortigiana.it\/wp-content\/uploads\/2025\/12\/DSCF5810.jpg","width":1600,"height":2000,"caption":"Couple set by La Cortigiana"},{"@type":"BreadcrumbList","@id":"https:\/\/la-cortigiana.it\/it\/prodotto\/couple-set\/#breadcrumb","itemListElement":[{"@type":"ListItem","position":1,"name":"Home","item":"https:\/\/la-cortigiana.it\/"},{"@type":"ListItem","position":2,"name":"Shop","item":"https:\/\/la-cortigiana.it\/shop\/"},{"@type":"ListItem","position":3,"name":"Couple Set"}]},{"@type":"WebSite","@id":"https:\/\/la-cortigiana.it\/#website","url":"https:\/\/la-cortigiana.it\/","name":"La Cortigiana | Gioielli con simboli discreti e pelle erotica, fatti a mano in Italia","description":"Segni silenziosi del desiderio scelto","publisher":{"@id":"https:\/\/la-cortigiana.it\/#organization"},"potentialAction":[{"@type":"SearchAction","target":{"@type":"EntryPoint","urlTemplate":"https:\/\/la-cortigiana.it\/?s={search_term_string}"},"query-input":{"@type":"PropertyValueSpecification","valueRequired":true,"valueName":"search_term_string"}}],"inLanguage":"it-IT"},{"@type":"Organization","@id":"https:\/\/la-cortigiana.it\/#organization","name":"La Cortigiana","url":"https:\/\/la-cortigiana.it\/","logo":{"@type":"ImageObject","inLanguage":"it-IT","@id":"https:\/\/la-cortigiana.it\/#\/schema\/logo\/image\/","url":"https:\/\/la-cortigiana.it\/wp-content\/uploads\/2025\/01\/La-Cortigiana.png","contentUrl":"https:\/\/la-cortigiana.it\/wp-content\/uploads\/2025\/01\/La-Cortigiana.png","width":1646,"height":575,"caption":"La Cortigiana"},"image":{"@id":"https:\/\/la-cortigiana.it\/#\/schema\/logo\/image\/"},"sameAs":["https:\/\/www.facebook.com\/LaCortigiana\/","https:\/\/x.com\/la_cortigianait","https:\/\/www.instagram.com\/la_cortigiana.it","https:\/\/substack.com\/@lacortigiana"]}]}},"_links":{"self":[{"href":"https:\/\/la-cortigiana.it\/it\/wp-json\/wp\/v2\/product\/2143","targetHints":{"allow":["GET"]}}],"collection":[{"href":"https:\/\/la-cortigiana.it\/it\/wp-json\/wp\/v2\/product"}],"about":[{"href":"https:\/\/la-cortigiana.it\/it\/wp-json\/wp\/v2\/types\/product"}],"replies":[{"embeddable":true,"href":"https:\/\/la-cortigiana.it\/it\/wp-json\/wp\/v2\/comments?post=2143"}],"wp:featuredmedia":[{"embeddable":true,"href":"https:\/\/la-cortigiana.it\/it\/wp-json\/wp\/v2\/media\/2144"}],"wp:attachment":[{"href":"https:\/\/la-cortigiana.it\/it\/wp-json\/wp\/v2\/media?parent=2143"}],"wp:term":[{"taxonomy":"product_brand","embeddable":true,"href":"https:\/\/la-cortigiana.it\/it\/wp-json\/wp\/v2\/product_brand?post=2143"},{"taxonomy":"product_cat","embeddable":true,"href":"https:\/\/la-cortigiana.it\/it\/wp-json\/wp\/v2\/product_cat?post=2143"},{"taxonomy":"product_tag","embeddable":true,"href":"https:\/\/la-cortigiana.it\/it\/wp-json\/wp\/v2\/product_tag?post=2143"}],"curies":[{"name":"wp","href":"https:\/\/api.w.org\/{rel}","templated":true}]}}