{"id":2178,"date":"2025-12-28T19:49:32","date_gmt":"2025-12-28T18:49:32","guid":{"rendered":"https:\/\/la-cortigiana.it\/?post_type=product&#038;p=2178"},"modified":"2025-12-28T19:49:33","modified_gmt":"2025-12-28T18:49:33","slug":"sheer-mesh-mens-thong-with-personalized-embroidery","status":"publish","type":"product","link":"https:\/\/la-cortigiana.it\/it\/prodotto\/sheer-mesh-mens-thong-with-personalized-embroidery\/","title":{"rendered":"Perizoma da uomo in rete trasparente con ricamo personalizzato"},"content":{"rendered":"<p data-start=\"545\" data-end=\"623\">Questo perizoma da uomo \u00e8 realizzato in rete trasparente che non lascia nulla al caso.<\/p>\n<p data-start=\"625\" data-end=\"868\">\u00c8 leggero, rivelatore e sfacciatamente diretto. Il taglio \u00e8 studiato per il corpo maschile, minimale sul retro, preciso sul davanti, permettendo al tessuto di incorniciare anzich\u00e9 nascondere. Indossato, \u00e8 quasi assente, eppure costantemente percepibile.<\/p>\n<p data-start=\"870\" data-end=\"973\">Questa non \u00e8 biancheria intima di tutti i giorni.<br data-start=\"901\" data-end=\"904\" \/>\u00c8 pensato per i momenti in cui l&#039;abbigliamento diventa parte dell&#039;esperienza.<\/p>\n<p data-start=\"975\" data-end=\"1246\">Ci\u00f2 che rende questo pezzo diverso \u00e8 il ricamo.<br data-start=\"1025\" data-end=\"1028\" \/>Puoi scegliere un nome, una parola, un simbolo o un segno discreto apposto intenzionalmente sul capo. Qualcosa che ti appartiene. O qualcosa scelto per te. Una volta aggiunto, il perizoma smette di essere generico. Diventa un segno distintivo.<\/p>\n<p data-start=\"1248\" data-end=\"1463\">Alcuni lo indossano per rituali privati.<br data-start=\"1281\" data-end=\"1284\" \/>Alcuni per il brivido silenzioso di sapere cosa indossano sotto i vestiti.<br data-start=\"1365\" data-end=\"1368\" \/>Alcuni per le scene, le dinamiche di potere, la fotografia o semplicemente per il piacere di essere visti o immaginati.<\/p>\n<p data-start=\"1465\" data-end=\"1663\">La rete \u00e8 stata scelta per la sensazione e la visibilit\u00e0, non per il comfort convenzionale. Il taglio a perizoma enfatizza l&#039;esposizione e la consapevolezza, trasformando il movimento, il tatto e l&#039;attesa in parte dell&#039;esperienza.<\/p>\n<p data-start=\"1665\" data-end=\"1772\">Fatto a mano in Italia in piccole quantit\u00e0.<br data-start=\"1703\" data-end=\"1706\" \/>Ogni pezzo \u00e8 rifinito singolarmente, soprattutto quando \u00e8 personalizzato.<\/p>\n<h2 data-start=\"308\" data-end=\"343\"><strong data-start=\"311\" data-end=\"343\">Come scegliere la taglia giusta<\/strong><\/h2>\n<p data-start=\"345\" data-end=\"483\">Questo perizoma \u00e8 studiato appositamente per il corpo maschile e offre una vestibilit\u00e0 aderente e mirata.<br data-start=\"415\" data-end=\"418\" \/>Per essere certi che sia posizionato correttamente, misuratelo attentamente.<\/p>\n<h3 data-start=\"485\" data-end=\"507\"><strong data-start=\"489\" data-end=\"507\">Come misurare<\/strong><\/h3>\n<ol data-start=\"508\" data-end=\"838\">\n<li data-start=\"508\" data-end=\"540\">\n<p data-start=\"511\" data-end=\"540\">Prendi un metro a nastro morbido.<\/p>\n<\/li>\n<li data-start=\"541\" data-end=\"745\">\n<p data-start=\"544\" data-end=\"745\">Misura <strong data-start=\"552\" data-end=\"573\">intorno alla tua vita<\/strong>, nel punto in cui normalmente indossi <strong data-start=\"612\" data-end=\"640\">biancheria intima da uomo a vita bassa<\/strong>.<br data-start=\"641\" data-end=\"644\" \/>Questo \u00e8 di solito <strong data-start=\"663\" data-end=\"682\">sotto la pancia<\/strong>, non sui fianchi e non nella parte pi\u00f9 stretta della vita.<\/p>\n<\/li>\n<li data-start=\"746\" data-end=\"785\">\n<p data-start=\"749\" data-end=\"785\">Mantenere il nastro ben aderente, ma non troppo stretto.<\/p>\n<\/li>\n<li data-start=\"786\" data-end=\"838\">\n<p data-start=\"789\" data-end=\"838\">Misurare direttamente sul corpo, non sopra i vestiti.<\/p>\n<\/li>\n<\/ol>\n<h3 data-start=\"840\" data-end=\"866\"><strong data-start=\"844\" data-end=\"866\">Scegliere la tua taglia<\/strong><\/h3>\n<ul data-start=\"867\" data-end=\"1096\">\n<li data-start=\"867\" data-end=\"933\">\n<p data-start=\"869\" data-end=\"933\">Utilizza la misura della tua vita per selezionare la tua taglia dalla tabella.<\/p>\n<\/li>\n<li data-start=\"934\" data-end=\"1026\">\n<p data-start=\"936\" data-end=\"1026\">Se sei tra due taglie, <strong data-start=\"962\" data-end=\"989\">scegli la taglia pi\u00f9 piccola<\/strong> per una vestibilit\u00e0 pi\u00f9 aderente e rivelatrice.<\/p>\n<\/li>\n<li data-start=\"1027\" data-end=\"1096\">\n<p data-start=\"1029\" data-end=\"1096\">Se preferisci una sensazione un po&#039; pi\u00f9 rilassata, scegli la taglia pi\u00f9 grande.<\/p>\n<\/li>\n<\/ul>\n<h3 data-start=\"1098\" data-end=\"1124\"><strong data-start=\"1102\" data-end=\"1124\">Nota importante sulla vestibilit\u00e0<\/strong><\/h3>\n<p data-start=\"1125\" data-end=\"1325\">Si tratta di un perizoma da uomo aderente, realizzato in rete trasparente.<br data-start=\"1175\" data-end=\"1178\" \/>\u00c8 progettato per aderire al corpo e per dare una sensazione di presenza quando lo si indossa.<br data-start=\"1245\" data-end=\"1248\" \/>Se sei abituata a indossare biancheria intima ampia o di tutti i giorni, aspettati una sensazione diversa.<\/p>\n<p data-start=\"1919\" data-end=\"1930\">\n<table>\n<thead>\n<tr>\n<th>Misurare<\/th>\n<th>Vita uomo (cm)<\/th>\n<th>Vita da uomo (in)<\/th>\n<\/tr>\n<\/thead>\n<tbody>\n<tr>\n<td>S<\/td>\n<td>70\u201376<\/td>\n<td>28\u201330<\/td>\n<\/tr>\n<tr>\n<td>M<\/td>\n<td>77\u201384<\/td>\n<td>30\u201333<\/td>\n<\/tr>\n<tr>\n<td>L<\/td>\n<td>85\u201392<\/td>\n<td>33\u201336<\/td>\n<\/tr>\n<tr>\n<td>Grande<\/td>\n<td>93\u2013102<\/td>\n<td>36\u201340<\/td>\n<\/tr>\n<tr>\n<td>XXL<\/td>\n<td>103\u2013112<\/td>\n<td>40\u201344<\/td>\n<\/tr>\n<\/tbody>\n<\/table>\n<p data-start=\"1919\" data-end=\"1930\">\n<p data-start=\"1919\" data-end=\"1930\"><strong data-start=\"1919\" data-end=\"1930\">Dettagli<\/strong><\/p>\n<ul data-start=\"1931\" data-end=\"2104\">\n<li data-start=\"1931\" data-end=\"1957\">\n<p data-start=\"1933\" data-end=\"1957\">Rete trasparente trasparente<\/p>\n<\/li>\n<li data-start=\"1958\" data-end=\"1977\">\n<p data-start=\"1960\" data-end=\"1977\">Taglio perizoma da uomo<\/p>\n<\/li>\n<li data-start=\"1978\" data-end=\"2031\">\n<p data-start=\"1980\" data-end=\"2031\">Ricamo personalizzato opzionale (testo o simbolo)<\/p>\n<\/li>\n<li data-start=\"2032\" data-end=\"2082\">\n<p data-start=\"2034\" data-end=\"2082\">Progettato per un uso intimo, tematico o rituale<\/p>\n<\/li>\n<li data-start=\"2083\" data-end=\"2104\">\n<p data-start=\"2085\" data-end=\"2104\">Fatto a mano in Italia<\/p>\n<\/li>\n<\/ul>\n<p data-start=\"2106\" data-end=\"2192\">La Cortigiana crea oggetti con un intento.<br data-start=\"2148\" data-end=\"2151\" \/>Questo \u00e8 pensato per essere indossato consapevolmente.<\/p>","protected":false},"excerpt":{"rendered":"<p>Un perizoma trasparente da uomo pensato per chi sceglie cosa indossare e perch\u00e9.<br data-start=\"409\" data-end=\"412\" \/>Il ricamo personalizzato trasforma la biancheria intima in qualcosa di personale, intenzionale e pensato per essere sentito.<\/p>","protected":false},"featured_media":2181,"comment_status":"open","ping_status":"closed","template":"","meta":{"nf_dc_page":"","googlesitekit_rrm_CAowrc_CDA:productID":""},"product_brand":[],"product_cat":[62],"product_tag":[229,251,73],"class_list":{"0":"post-2178","1":"product","2":"type-product","3":"status-publish","4":"has-post-thumbnail","6":"product_cat-corsets-lingerie","7":"product_tag-lingerie","8":"product_tag-men","9":"product_tag-panties","11":"first","12":"instock","13":"shipping-taxable","14":"purchasable","15":"product-type-simple"},"yoast_head":"<!-- This site is optimized with the Yoast SEO Premium plugin v25.6 (Yoast SEO v27.4) - https:\/\/yoast.com\/product\/yoast-seo-premium-wordpress\/ -->\n<title>Sheer Mesh Men\u2019s Thong with Personalized Embroidery | Symbol Jewelry &amp; Erotic Accessories \u2013 Handmade in Italy<\/title>\n<meta name=\"description\" content=\"Indulge in Sheer Mesh Men\u2019s Thong with Personalized Embroidery \u2013 handcrafted in Italy. Discreet symbol jewelry, erotic leather accessories and intimate pieces for hotwife, cuckold and lifestyle dynamics. Worldwide shipping.\" \/>\n<meta name=\"robots\" content=\"index, follow, max-snippet:-1, max-image-preview:large, max-video-preview:-1\" \/>\n<link rel=\"canonical\" href=\"https:\/\/la-cortigiana.it\/it\/prodotto\/sheer-mesh-mens-thong-with-personalized-embroidery\/\" \/>\n<meta property=\"og:locale\" content=\"it_IT\" \/>\n<meta property=\"og:type\" content=\"article\" \/>\n<meta property=\"og:title\" content=\"Sheer Mesh Men\u2019s Thong with Personalized Embroidery | La Cortigiana \u2013 Handcrafted in Italy\" \/>\n<meta property=\"og:description\" content=\"Luxury handcrafted lingerie &amp; accessories from Italy. Sheer, sensual, made for bold desires. Discreet worldwide delivery.\" \/>\n<meta property=\"og:url\" content=\"https:\/\/la-cortigiana.it\/it\/prodotto\/sheer-mesh-mens-thong-with-personalized-embroidery\/\" \/>\n<meta property=\"og:site_name\" content=\"La Cortigiana | Handcrafted Leather Accessories for Bold Desires\" \/>\n<meta property=\"article:publisher\" content=\"https:\/\/www.facebook.com\/LaCortigiana\/\" \/>\n<meta property=\"article:modified_time\" content=\"2025-12-28T18:49:33+00:00\" \/>\n<meta property=\"og:image\" content=\"https:\/\/la-cortigiana.it\/wp-content\/uploads\/2025\/12\/menspanty.jpg\" \/>\n\t<meta property=\"og:image:width\" content=\"1536\" \/>\n\t<meta property=\"og:image:height\" content=\"1024\" \/>\n\t<meta property=\"og:image:type\" content=\"image\/jpeg\" \/>\n<meta name=\"twitter:card\" content=\"summary_large_image\" \/>\n<meta name=\"twitter:site\" content=\"@la_cortigianait\" \/>\n<meta name=\"twitter:label1\" content=\"Tempo di lettura stimato\" \/>\n\t<meta name=\"twitter:data1\" content=\"3 minuti\" \/>\n<script type=\"application\/ld+json\" class=\"yoast-schema-graph\">{\"@context\":\"https:\\\/\\\/schema.org\",\"@graph\":[{\"@type\":[\"WebPage\",\"ItemPage\"],\"@id\":\"https:\\\/\\\/la-cortigiana.it\\\/product\\\/sheer-mesh-mens-thong-with-personalized-embroidery\\\/\",\"url\":\"https:\\\/\\\/la-cortigiana.it\\\/product\\\/sheer-mesh-mens-thong-with-personalized-embroidery\\\/\",\"name\":\"Sheer Mesh Men\u2019s Thong with Personalized Embroidery | Symbol Jewelry & Erotic Accessories \u2013 Handmade in Italy\",\"isPartOf\":{\"@id\":\"https:\\\/\\\/la-cortigiana.it\\\/#website\"},\"primaryImageOfPage\":{\"@id\":\"https:\\\/\\\/la-cortigiana.it\\\/product\\\/sheer-mesh-mens-thong-with-personalized-embroidery\\\/#primaryimage\"},\"image\":{\"@id\":\"https:\\\/\\\/la-cortigiana.it\\\/product\\\/sheer-mesh-mens-thong-with-personalized-embroidery\\\/#primaryimage\"},\"thumbnailUrl\":\"https:\\\/\\\/la-cortigiana.it\\\/wp-content\\\/uploads\\\/2025\\\/12\\\/menspanty.jpg\",\"datePublished\":\"2025-12-28T18:49:32+00:00\",\"dateModified\":\"2025-12-28T18:49:33+00:00\",\"description\":\"Indulge in Sheer Mesh Men\u2019s Thong with Personalized Embroidery \u2013 handcrafted in Italy. Discreet symbol jewelry, erotic leather accessories and intimate pieces for hotwife, cuckold and lifestyle dynamics. Worldwide shipping.\",\"breadcrumb\":{\"@id\":\"https:\\\/\\\/la-cortigiana.it\\\/product\\\/sheer-mesh-mens-thong-with-personalized-embroidery\\\/#breadcrumb\"},\"inLanguage\":\"it-IT\",\"potentialAction\":[{\"@type\":\"ReadAction\",\"target\":[\"https:\\\/\\\/la-cortigiana.it\\\/product\\\/sheer-mesh-mens-thong-with-personalized-embroidery\\\/\"]}]},{\"@type\":\"ImageObject\",\"inLanguage\":\"it-IT\",\"@id\":\"https:\\\/\\\/la-cortigiana.it\\\/product\\\/sheer-mesh-mens-thong-with-personalized-embroidery\\\/#primaryimage\",\"url\":\"https:\\\/\\\/la-cortigiana.it\\\/wp-content\\\/uploads\\\/2025\\\/12\\\/menspanty.jpg\",\"contentUrl\":\"https:\\\/\\\/la-cortigiana.it\\\/wp-content\\\/uploads\\\/2025\\\/12\\\/menspanty.jpg\",\"width\":1536,\"height\":1024,\"caption\":\"Sheer Mesh Men\u2019s Thong with Personalized Embroidery\"},{\"@type\":\"BreadcrumbList\",\"@id\":\"https:\\\/\\\/la-cortigiana.it\\\/product\\\/sheer-mesh-mens-thong-with-personalized-embroidery\\\/#breadcrumb\",\"itemListElement\":[{\"@type\":\"ListItem\",\"position\":1,\"name\":\"Home\",\"item\":\"https:\\\/\\\/la-cortigiana.it\\\/\"},{\"@type\":\"ListItem\",\"position\":2,\"name\":\"Shop\",\"item\":\"https:\\\/\\\/la-cortigiana.it\\\/shop\\\/\"},{\"@type\":\"ListItem\",\"position\":3,\"name\":\"Sheer Mesh Men\u2019s Thong with Personalized Embroidery\"}]},{\"@type\":\"WebSite\",\"@id\":\"https:\\\/\\\/la-cortigiana.it\\\/#website\",\"url\":\"https:\\\/\\\/la-cortigiana.it\\\/\",\"name\":\"La Cortigiana | Discreet Symbol Jewelry & Erotic Leather, Handmade in Italy\",\"description\":\"Quiet Marks of Chosen Desire\",\"publisher\":{\"@id\":\"https:\\\/\\\/la-cortigiana.it\\\/#organization\"},\"potentialAction\":[{\"@type\":\"SearchAction\",\"target\":{\"@type\":\"EntryPoint\",\"urlTemplate\":\"https:\\\/\\\/la-cortigiana.it\\\/?s={search_term_string}\"},\"query-input\":{\"@type\":\"PropertyValueSpecification\",\"valueRequired\":true,\"valueName\":\"search_term_string\"}}],\"inLanguage\":\"it-IT\"},{\"@type\":\"Organization\",\"@id\":\"https:\\\/\\\/la-cortigiana.it\\\/#organization\",\"name\":\"La Cortigiana\",\"url\":\"https:\\\/\\\/la-cortigiana.it\\\/\",\"logo\":{\"@type\":\"ImageObject\",\"inLanguage\":\"it-IT\",\"@id\":\"https:\\\/\\\/la-cortigiana.it\\\/#\\\/schema\\\/logo\\\/image\\\/\",\"url\":\"https:\\\/\\\/la-cortigiana.it\\\/wp-content\\\/uploads\\\/2025\\\/01\\\/La-Cortigiana.png\",\"contentUrl\":\"https:\\\/\\\/la-cortigiana.it\\\/wp-content\\\/uploads\\\/2025\\\/01\\\/La-Cortigiana.png\",\"width\":1646,\"height\":575,\"caption\":\"La Cortigiana\"},\"image\":{\"@id\":\"https:\\\/\\\/la-cortigiana.it\\\/#\\\/schema\\\/logo\\\/image\\\/\"},\"sameAs\":[\"https:\\\/\\\/www.facebook.com\\\/LaCortigiana\\\/\",\"https:\\\/\\\/x.com\\\/la_cortigianait\",\"https:\\\/\\\/www.instagram.com\\\/la_cortigiana.it\",\"https:\\\/\\\/substack.com\\\/@lacortigiana\"]}]}<\/script>\n<!-- \/ Yoast SEO Premium plugin. -->","yoast_head_json":{"title":"Sheer Mesh Men\u2019s Thong with Personalized Embroidery | Symbol Jewelry & Erotic Accessories \u2013 Handmade in Italy","description":"Indulge in Sheer Mesh Men\u2019s Thong with Personalized Embroidery \u2013 handcrafted in Italy. Discreet symbol jewelry, erotic leather accessories and intimate pieces for hotwife, cuckold and lifestyle dynamics. Worldwide shipping.","robots":{"index":"index","follow":"follow","max-snippet":"max-snippet:-1","max-image-preview":"max-image-preview:large","max-video-preview":"max-video-preview:-1"},"canonical":"https:\/\/la-cortigiana.it\/it\/prodotto\/sheer-mesh-mens-thong-with-personalized-embroidery\/","og_locale":"it_IT","og_type":"article","og_title":"Sheer Mesh Men\u2019s Thong with Personalized Embroidery | La Cortigiana \u2013 Handcrafted in Italy","og_description":"Luxury handcrafted lingerie & accessories from Italy. Sheer, sensual, made for bold desires. Discreet worldwide delivery.","og_url":"https:\/\/la-cortigiana.it\/it\/prodotto\/sheer-mesh-mens-thong-with-personalized-embroidery\/","og_site_name":"La Cortigiana | Handcrafted Leather Accessories for Bold Desires","article_publisher":"https:\/\/www.facebook.com\/LaCortigiana\/","article_modified_time":"2025-12-28T18:49:33+00:00","og_image":[{"width":1536,"height":1024,"url":"https:\/\/la-cortigiana.it\/wp-content\/uploads\/2025\/12\/menspanty.jpg","type":"image\/jpeg"}],"twitter_card":"summary_large_image","twitter_site":"@la_cortigianait","twitter_misc":{"Tempo di lettura stimato":"3 minuti"},"schema":{"@context":"https:\/\/schema.org","@graph":[{"@type":["WebPage","ItemPage"],"@id":"https:\/\/la-cortigiana.it\/product\/sheer-mesh-mens-thong-with-personalized-embroidery\/","url":"https:\/\/la-cortigiana.it\/product\/sheer-mesh-mens-thong-with-personalized-embroidery\/","name":"Sheer Mesh Men\u2019s Thong with Personalized Embroidery | Symbol Jewelry & Erotic Accessories \u2013 Handmade in Italy","isPartOf":{"@id":"https:\/\/la-cortigiana.it\/#website"},"primaryImageOfPage":{"@id":"https:\/\/la-cortigiana.it\/product\/sheer-mesh-mens-thong-with-personalized-embroidery\/#primaryimage"},"image":{"@id":"https:\/\/la-cortigiana.it\/product\/sheer-mesh-mens-thong-with-personalized-embroidery\/#primaryimage"},"thumbnailUrl":"https:\/\/la-cortigiana.it\/wp-content\/uploads\/2025\/12\/menspanty.jpg","datePublished":"2025-12-28T18:49:32+00:00","dateModified":"2025-12-28T18:49:33+00:00","description":"Indulge in Sheer Mesh Men\u2019s Thong with Personalized Embroidery \u2013 handcrafted in Italy. Discreet symbol jewelry, erotic leather accessories and intimate pieces for hotwife, cuckold and lifestyle dynamics. Worldwide shipping.","breadcrumb":{"@id":"https:\/\/la-cortigiana.it\/product\/sheer-mesh-mens-thong-with-personalized-embroidery\/#breadcrumb"},"inLanguage":"it-IT","potentialAction":[{"@type":"ReadAction","target":["https:\/\/la-cortigiana.it\/product\/sheer-mesh-mens-thong-with-personalized-embroidery\/"]}]},{"@type":"ImageObject","inLanguage":"it-IT","@id":"https:\/\/la-cortigiana.it\/product\/sheer-mesh-mens-thong-with-personalized-embroidery\/#primaryimage","url":"https:\/\/la-cortigiana.it\/wp-content\/uploads\/2025\/12\/menspanty.jpg","contentUrl":"https:\/\/la-cortigiana.it\/wp-content\/uploads\/2025\/12\/menspanty.jpg","width":1536,"height":1024,"caption":"Sheer Mesh Men\u2019s Thong with Personalized Embroidery"},{"@type":"BreadcrumbList","@id":"https:\/\/la-cortigiana.it\/product\/sheer-mesh-mens-thong-with-personalized-embroidery\/#breadcrumb","itemListElement":[{"@type":"ListItem","position":1,"name":"Home","item":"https:\/\/la-cortigiana.it\/"},{"@type":"ListItem","position":2,"name":"Shop","item":"https:\/\/la-cortigiana.it\/shop\/"},{"@type":"ListItem","position":3,"name":"Sheer Mesh Men\u2019s Thong with Personalized Embroidery"}]},{"@type":"WebSite","@id":"https:\/\/la-cortigiana.it\/#website","url":"https:\/\/la-cortigiana.it\/","name":"La Cortigiana | Gioielli con simboli discreti e pelle erotica, fatti a mano in Italia","description":"Segni silenziosi del desiderio scelto","publisher":{"@id":"https:\/\/la-cortigiana.it\/#organization"},"potentialAction":[{"@type":"SearchAction","target":{"@type":"EntryPoint","urlTemplate":"https:\/\/la-cortigiana.it\/?s={search_term_string}"},"query-input":{"@type":"PropertyValueSpecification","valueRequired":true,"valueName":"search_term_string"}}],"inLanguage":"it-IT"},{"@type":"Organization","@id":"https:\/\/la-cortigiana.it\/#organization","name":"La Cortigiana","url":"https:\/\/la-cortigiana.it\/","logo":{"@type":"ImageObject","inLanguage":"it-IT","@id":"https:\/\/la-cortigiana.it\/#\/schema\/logo\/image\/","url":"https:\/\/la-cortigiana.it\/wp-content\/uploads\/2025\/01\/La-Cortigiana.png","contentUrl":"https:\/\/la-cortigiana.it\/wp-content\/uploads\/2025\/01\/La-Cortigiana.png","width":1646,"height":575,"caption":"La Cortigiana"},"image":{"@id":"https:\/\/la-cortigiana.it\/#\/schema\/logo\/image\/"},"sameAs":["https:\/\/www.facebook.com\/LaCortigiana\/","https:\/\/x.com\/la_cortigianait","https:\/\/www.instagram.com\/la_cortigiana.it","https:\/\/substack.com\/@lacortigiana"]}]}},"_links":{"self":[{"href":"https:\/\/la-cortigiana.it\/it\/wp-json\/wp\/v2\/product\/2178","targetHints":{"allow":["GET"]}}],"collection":[{"href":"https:\/\/la-cortigiana.it\/it\/wp-json\/wp\/v2\/product"}],"about":[{"href":"https:\/\/la-cortigiana.it\/it\/wp-json\/wp\/v2\/types\/product"}],"replies":[{"embeddable":true,"href":"https:\/\/la-cortigiana.it\/it\/wp-json\/wp\/v2\/comments?post=2178"}],"wp:featuredmedia":[{"embeddable":true,"href":"https:\/\/la-cortigiana.it\/it\/wp-json\/wp\/v2\/media\/2181"}],"wp:attachment":[{"href":"https:\/\/la-cortigiana.it\/it\/wp-json\/wp\/v2\/media?parent=2178"}],"wp:term":[{"taxonomy":"product_brand","embeddable":true,"href":"https:\/\/la-cortigiana.it\/it\/wp-json\/wp\/v2\/product_brand?post=2178"},{"taxonomy":"product_cat","embeddable":true,"href":"https:\/\/la-cortigiana.it\/it\/wp-json\/wp\/v2\/product_cat?post=2178"},{"taxonomy":"product_tag","embeddable":true,"href":"https:\/\/la-cortigiana.it\/it\/wp-json\/wp\/v2\/product_tag?post=2178"}],"curies":[{"name":"wp","href":"https:\/\/api.w.org\/{rel}","templated":true}]}}