{"id":2296,"date":"2026-01-19T22:59:33","date_gmt":"2026-01-19T21:59:33","guid":{"rendered":"https:\/\/la-cortigiana.it\/?post_type=product&#038;p=2296"},"modified":"2026-01-26T14:25:01","modified_gmt":"2026-01-26T13:25:01","slug":"tie-side-white-mesh-panties-hotwife","status":"publish","type":"product","link":"https:\/\/la-cortigiana.it\/it\/prodotto\/tie-side-white-mesh-panties-hotwife\/","title":{"rendered":"Hotwife con mutandine bianche a rete con lacci"},"content":{"rendered":"<p data-start=\"626\" data-end=\"855\">Queste mutandine sono fatte da <strong data-start=\"654\" data-end=\"673\">maglia semitrasparente<\/strong> \u2014 un tessuto che non \u00e8 completamente trasparente, ma ammorbidisce e rivela la pelle sottostante in modo discreto e provocante. Ci\u00f2 che \u00e8 visibile \u00e8 intenzionale. Ci\u00f2 che \u00e8 nascosto attira comunque l&#039;attenzione.<\/p>\n<p data-start=\"857\" data-end=\"1057\">La rete leggera \u00e8 abbinata a delicati bordi in pizzo e lacci laterali regolabili su entrambi i fianchi. I lacci possono essere slacciati lentamente, rendendo queste mutandine parte integrante dell&#039;interazione, non solo un oggetto da indossare.<\/p>\n<p data-start=\"1059\" data-end=\"1259\">IL <strong data-start=\"1063\" data-end=\"1076\">\u201c&quot;moglie sexy&quot;\u201d<\/strong> L&#039;iscrizione \u00e8 ricamata direttamente sulla maglia, conferendo al capo un&#039;identit\u00e0 chiara e una qualit\u00e0 duratura. Non si tratta di una stampa: \u00e8 cucita, tattile e pensata per essere vista da vicino.<\/p>\n<h3 data-start=\"1261\" data-end=\"1279\">Tessuto e sensazione:<\/h3>\n<ul data-start=\"1280\" data-end=\"1420\">\n<li data-start=\"1280\" data-end=\"1329\">\n<p data-start=\"1282\" data-end=\"1329\">Rete semitrasparente (non completamente trasparente)<\/p>\n<\/li>\n<li data-start=\"1330\" data-end=\"1367\">\n<p data-start=\"1332\" data-end=\"1367\">Morbido, leggero e traspirante<\/p>\n<\/li>\n<li data-start=\"1368\" data-end=\"1420\">\n<p data-start=\"1370\" data-end=\"1420\">Rivela la forma e la pelle senza esporla completamente<\/p>\n<\/li>\n<\/ul>\n<h3 data-start=\"1422\" data-end=\"1435\">Caratteristiche:<\/h3>\n<ul data-start=\"1436\" data-end=\"1601\">\n<li data-start=\"1436\" data-end=\"1463\">\n<p data-start=\"1438\" data-end=\"1463\">Mutandine in rete semitrasparente<\/p>\n<\/li>\n<li data-start=\"1464\" data-end=\"1507\">\n<p data-start=\"1466\" data-end=\"1507\">Lacci laterali regolabili che possono essere slegati<\/p>\n<\/li>\n<li data-start=\"1508\" data-end=\"1538\">\n<p data-start=\"1510\" data-end=\"1538\">Ricamato <em data-start=\"1522\" data-end=\"1531\">moglie calda<\/em> testo<\/p>\n<\/li>\n<li data-start=\"1539\" data-end=\"1568\">\n<p data-start=\"1541\" data-end=\"1568\">Pizzo lungo i bordi<\/p>\n<\/li>\n<li data-start=\"1569\" data-end=\"1601\">\n<p data-start=\"1571\" data-end=\"1601\">Taglio provocatorio ma portabile<\/p>\n<\/li>\n<\/ul>\n<h3 data-start=\"1603\" data-end=\"1624\">Colori disponibili:<\/h3>\n<ul data-start=\"1625\" data-end=\"1653\">\n<li data-start=\"1625\" data-end=\"1634\">\n<p data-start=\"1627\" data-end=\"1634\">Nero<\/p>\n<\/li>\n<li data-start=\"1635\" data-end=\"1643\">\n<p data-start=\"1637\" data-end=\"1643\">Rosa<\/p>\n<\/li>\n<li data-start=\"1644\" data-end=\"1653\">\n<p data-start=\"1646\" data-end=\"1653\">Pesca<\/p>\n<\/li>\n<\/ul>\n<h3 data-start=\"1655\" data-end=\"1671\">Perfetto per:<\/h3>\n<ul data-start=\"1672\" data-end=\"1842\">\n<li data-start=\"1672\" data-end=\"1692\">\n<p data-start=\"1674\" data-end=\"1692\">biancheria intima Hotwife<\/p>\n<\/li>\n<li data-start=\"1693\" data-end=\"1720\">\n<p data-start=\"1695\" data-end=\"1720\">Lingerie fetish Cuckold<\/p>\n<\/li>\n<li data-start=\"1721\" data-end=\"1750\">\n<p data-start=\"1723\" data-end=\"1750\">Intimo erotico per giochi di ruolo<\/p>\n<\/li>\n<li data-start=\"1751\" data-end=\"1794\">\n<p data-start=\"1753\" data-end=\"1794\">Mutandine con scritta ricamata<\/p>\n<\/li>\n<li data-start=\"1795\" data-end=\"1842\">\n<p data-start=\"1797\" data-end=\"1842\">Coppie che esplorano il desiderio e le dinamiche di potere<\/p>\n<\/li>\n<\/ul>\n<p data-start=\"1844\" data-end=\"1985\">Queste mutandine sono pensate per suggerire, non per urlare.<br data-start=\"1893\" data-end=\"1896\" \/>Un capo di lingerie erotica che rivela quanto basta e lascia che il resto avvenga naturalmente.<\/p>\n<p>&nbsp;<\/p>","protected":false},"excerpt":{"rendered":"<p data-start=\"219\" data-end=\"331\"><strong>Semi-velato<\/strong> mutandine a rete con lacci laterali e ricamo &quot;hotwife&quot;.<\/p>\n<p><strong>Lacci laterali regolabili per una vestibilit\u00e0 perfetta (fino a 110 cm)<\/strong><\/p>\n<p data-start=\"333\" data-end=\"584\">Queste mutandine sono realizzate in rete semitrasparente che rivela delicatamente il corpo senza essere completamente trasparenti. Rifinite con pizzo, lacci laterali regolabili che possono essere slacciati e ricami. <em data-start=\"527\" data-end=\"536\">moglie calda<\/em> lettering. Disponibile in nero, rosa e pesca.<\/p>","protected":false},"featured_media":2297,"comment_status":"open","ping_status":"closed","template":"","meta":{"nf_dc_page":"","googlesitekit_rrm_CAowrc_CDA:productID":""},"product_brand":[],"product_cat":[62],"product_tag":[35,229,73],"class_list":{"0":"post-2296","1":"product","2":"type-product","3":"status-publish","4":"has-post-thumbnail","6":"product_cat-corsets-lingerie","7":"product_tag-hotwife","8":"product_tag-lingerie","9":"product_tag-panties","11":"first","12":"instock","13":"shipping-taxable","14":"purchasable","15":"product-type-simple"},"yoast_head":"<!-- This site is optimized with the Yoast SEO Premium plugin v25.6 (Yoast SEO v27.4) - https:\/\/yoast.com\/product\/yoast-seo-premium-wordpress\/ -->\n<title>Tie-Side White Mesh Panties Hotwife | Symbol Jewelry &amp; Erotic Accessories \u2013 Handmade in Italy<\/title>\n<meta name=\"description\" content=\"Indulge in Tie-Side White Mesh Panties Hotwife \u2013 handcrafted in Italy. Discreet symbol jewelry, erotic leather accessories and intimate pieces for hotwife, cuckold and lifestyle dynamics. Worldwide shipping.\" \/>\n<meta name=\"robots\" content=\"index, follow, max-snippet:-1, max-image-preview:large, max-video-preview:-1\" \/>\n<link rel=\"canonical\" href=\"https:\/\/la-cortigiana.it\/it\/prodotto\/tie-side-white-mesh-panties-hotwife\/\" \/>\n<meta property=\"og:locale\" content=\"it_IT\" \/>\n<meta property=\"og:type\" content=\"article\" \/>\n<meta property=\"og:title\" content=\"Tie-Side White Mesh Panties Hotwife | La Cortigiana \u2013 Handcrafted in Italy\" \/>\n<meta property=\"og:description\" content=\"Luxury handcrafted lingerie &amp; accessories from Italy. Sheer, sensual, made for bold desires. Discreet worldwide delivery.\" \/>\n<meta property=\"og:url\" content=\"https:\/\/la-cortigiana.it\/it\/prodotto\/tie-side-white-mesh-panties-hotwife\/\" \/>\n<meta property=\"og:site_name\" content=\"La Cortigiana | Handcrafted Leather Accessories for Bold Desires\" \/>\n<meta property=\"article:publisher\" content=\"https:\/\/www.facebook.com\/LaCortigiana\/\" \/>\n<meta property=\"article:modified_time\" content=\"2026-01-26T13:25:01+00:00\" \/>\n<meta property=\"og:image\" content=\"https:\/\/la-cortigiana.it\/wp-content\/uploads\/2026\/01\/DSCF7746.jpg\" \/>\n\t<meta property=\"og:image:width\" content=\"1600\" \/>\n\t<meta property=\"og:image:height\" content=\"2000\" \/>\n\t<meta property=\"og:image:type\" content=\"image\/jpeg\" \/>\n<meta name=\"twitter:card\" content=\"summary_large_image\" \/>\n<meta name=\"twitter:site\" content=\"@la_cortigianait\" \/>\n<meta name=\"twitter:label1\" content=\"Tempo di lettura stimato\" \/>\n\t<meta name=\"twitter:data1\" content=\"2 minuti\" \/>\n<script type=\"application\/ld+json\" class=\"yoast-schema-graph\">{\"@context\":\"https:\\\/\\\/schema.org\",\"@graph\":[{\"@type\":[\"WebPage\",\"ItemPage\"],\"@id\":\"https:\\\/\\\/la-cortigiana.it\\\/product\\\/tie-side-white-mesh-panties-hotwife\\\/\",\"url\":\"https:\\\/\\\/la-cortigiana.it\\\/product\\\/tie-side-white-mesh-panties-hotwife\\\/\",\"name\":\"Tie-Side White Mesh Panties Hotwife | Symbol Jewelry & Erotic Accessories \u2013 Handmade in Italy\",\"isPartOf\":{\"@id\":\"https:\\\/\\\/la-cortigiana.it\\\/#website\"},\"primaryImageOfPage\":{\"@id\":\"https:\\\/\\\/la-cortigiana.it\\\/product\\\/tie-side-white-mesh-panties-hotwife\\\/#primaryimage\"},\"image\":{\"@id\":\"https:\\\/\\\/la-cortigiana.it\\\/product\\\/tie-side-white-mesh-panties-hotwife\\\/#primaryimage\"},\"thumbnailUrl\":\"https:\\\/\\\/la-cortigiana.it\\\/wp-content\\\/uploads\\\/2026\\\/01\\\/DSCF7746.jpg\",\"datePublished\":\"2026-01-19T21:59:33+00:00\",\"dateModified\":\"2026-01-26T13:25:01+00:00\",\"description\":\"Indulge in Tie-Side White Mesh Panties Hotwife \u2013 handcrafted in Italy. Discreet symbol jewelry, erotic leather accessories and intimate pieces for hotwife, cuckold and lifestyle dynamics. Worldwide shipping.\",\"breadcrumb\":{\"@id\":\"https:\\\/\\\/la-cortigiana.it\\\/product\\\/tie-side-white-mesh-panties-hotwife\\\/#breadcrumb\"},\"inLanguage\":\"it-IT\",\"potentialAction\":[{\"@type\":\"ReadAction\",\"target\":[\"https:\\\/\\\/la-cortigiana.it\\\/product\\\/tie-side-white-mesh-panties-hotwife\\\/\"]}]},{\"@type\":\"ImageObject\",\"inLanguage\":\"it-IT\",\"@id\":\"https:\\\/\\\/la-cortigiana.it\\\/product\\\/tie-side-white-mesh-panties-hotwife\\\/#primaryimage\",\"url\":\"https:\\\/\\\/la-cortigiana.it\\\/wp-content\\\/uploads\\\/2026\\\/01\\\/DSCF7746.jpg\",\"contentUrl\":\"https:\\\/\\\/la-cortigiana.it\\\/wp-content\\\/uploads\\\/2026\\\/01\\\/DSCF7746.jpg\",\"width\":1600,\"height\":2000,\"caption\":\"hotwife sheer panties\"},{\"@type\":\"BreadcrumbList\",\"@id\":\"https:\\\/\\\/la-cortigiana.it\\\/product\\\/tie-side-white-mesh-panties-hotwife\\\/#breadcrumb\",\"itemListElement\":[{\"@type\":\"ListItem\",\"position\":1,\"name\":\"Home\",\"item\":\"https:\\\/\\\/la-cortigiana.it\\\/\"},{\"@type\":\"ListItem\",\"position\":2,\"name\":\"Shop\",\"item\":\"https:\\\/\\\/la-cortigiana.it\\\/shop\\\/\"},{\"@type\":\"ListItem\",\"position\":3,\"name\":\"Tie-Side White Mesh Panties Hotwife\"}]},{\"@type\":\"WebSite\",\"@id\":\"https:\\\/\\\/la-cortigiana.it\\\/#website\",\"url\":\"https:\\\/\\\/la-cortigiana.it\\\/\",\"name\":\"La Cortigiana | Discreet Symbol Jewelry & Erotic Leather, Handmade in Italy\",\"description\":\"Quiet Marks of Chosen Desire\",\"publisher\":{\"@id\":\"https:\\\/\\\/la-cortigiana.it\\\/#organization\"},\"potentialAction\":[{\"@type\":\"SearchAction\",\"target\":{\"@type\":\"EntryPoint\",\"urlTemplate\":\"https:\\\/\\\/la-cortigiana.it\\\/?s={search_term_string}\"},\"query-input\":{\"@type\":\"PropertyValueSpecification\",\"valueRequired\":true,\"valueName\":\"search_term_string\"}}],\"inLanguage\":\"it-IT\"},{\"@type\":\"Organization\",\"@id\":\"https:\\\/\\\/la-cortigiana.it\\\/#organization\",\"name\":\"La Cortigiana\",\"url\":\"https:\\\/\\\/la-cortigiana.it\\\/\",\"logo\":{\"@type\":\"ImageObject\",\"inLanguage\":\"it-IT\",\"@id\":\"https:\\\/\\\/la-cortigiana.it\\\/#\\\/schema\\\/logo\\\/image\\\/\",\"url\":\"https:\\\/\\\/la-cortigiana.it\\\/wp-content\\\/uploads\\\/2025\\\/01\\\/La-Cortigiana.png\",\"contentUrl\":\"https:\\\/\\\/la-cortigiana.it\\\/wp-content\\\/uploads\\\/2025\\\/01\\\/La-Cortigiana.png\",\"width\":1646,\"height\":575,\"caption\":\"La Cortigiana\"},\"image\":{\"@id\":\"https:\\\/\\\/la-cortigiana.it\\\/#\\\/schema\\\/logo\\\/image\\\/\"},\"sameAs\":[\"https:\\\/\\\/www.facebook.com\\\/LaCortigiana\\\/\",\"https:\\\/\\\/x.com\\\/la_cortigianait\",\"https:\\\/\\\/www.instagram.com\\\/la_cortigiana.it\",\"https:\\\/\\\/substack.com\\\/@lacortigiana\"]}]}<\/script>\n<!-- \/ Yoast SEO Premium plugin. -->","yoast_head_json":{"title":"Tie-Side White Mesh Panties Hotwife | Symbol Jewelry & Erotic Accessories \u2013 Handmade in Italy","description":"Indulge in Tie-Side White Mesh Panties Hotwife \u2013 handcrafted in Italy. Discreet symbol jewelry, erotic leather accessories and intimate pieces for hotwife, cuckold and lifestyle dynamics. Worldwide shipping.","robots":{"index":"index","follow":"follow","max-snippet":"max-snippet:-1","max-image-preview":"max-image-preview:large","max-video-preview":"max-video-preview:-1"},"canonical":"https:\/\/la-cortigiana.it\/it\/prodotto\/tie-side-white-mesh-panties-hotwife\/","og_locale":"it_IT","og_type":"article","og_title":"Tie-Side White Mesh Panties Hotwife | La Cortigiana \u2013 Handcrafted in Italy","og_description":"Luxury handcrafted lingerie & accessories from Italy. Sheer, sensual, made for bold desires. Discreet worldwide delivery.","og_url":"https:\/\/la-cortigiana.it\/it\/prodotto\/tie-side-white-mesh-panties-hotwife\/","og_site_name":"La Cortigiana | Handcrafted Leather Accessories for Bold Desires","article_publisher":"https:\/\/www.facebook.com\/LaCortigiana\/","article_modified_time":"2026-01-26T13:25:01+00:00","og_image":[{"width":1600,"height":2000,"url":"https:\/\/la-cortigiana.it\/wp-content\/uploads\/2026\/01\/DSCF7746.jpg","type":"image\/jpeg"}],"twitter_card":"summary_large_image","twitter_site":"@la_cortigianait","twitter_misc":{"Tempo di lettura stimato":"2 minuti"},"schema":{"@context":"https:\/\/schema.org","@graph":[{"@type":["WebPage","ItemPage"],"@id":"https:\/\/la-cortigiana.it\/product\/tie-side-white-mesh-panties-hotwife\/","url":"https:\/\/la-cortigiana.it\/product\/tie-side-white-mesh-panties-hotwife\/","name":"Tie-Side White Mesh Panties Hotwife | Symbol Jewelry & Erotic Accessories \u2013 Handmade in Italy","isPartOf":{"@id":"https:\/\/la-cortigiana.it\/#website"},"primaryImageOfPage":{"@id":"https:\/\/la-cortigiana.it\/product\/tie-side-white-mesh-panties-hotwife\/#primaryimage"},"image":{"@id":"https:\/\/la-cortigiana.it\/product\/tie-side-white-mesh-panties-hotwife\/#primaryimage"},"thumbnailUrl":"https:\/\/la-cortigiana.it\/wp-content\/uploads\/2026\/01\/DSCF7746.jpg","datePublished":"2026-01-19T21:59:33+00:00","dateModified":"2026-01-26T13:25:01+00:00","description":"Indulge in Tie-Side White Mesh Panties Hotwife \u2013 handcrafted in Italy. Discreet symbol jewelry, erotic leather accessories and intimate pieces for hotwife, cuckold and lifestyle dynamics. Worldwide shipping.","breadcrumb":{"@id":"https:\/\/la-cortigiana.it\/product\/tie-side-white-mesh-panties-hotwife\/#breadcrumb"},"inLanguage":"it-IT","potentialAction":[{"@type":"ReadAction","target":["https:\/\/la-cortigiana.it\/product\/tie-side-white-mesh-panties-hotwife\/"]}]},{"@type":"ImageObject","inLanguage":"it-IT","@id":"https:\/\/la-cortigiana.it\/product\/tie-side-white-mesh-panties-hotwife\/#primaryimage","url":"https:\/\/la-cortigiana.it\/wp-content\/uploads\/2026\/01\/DSCF7746.jpg","contentUrl":"https:\/\/la-cortigiana.it\/wp-content\/uploads\/2026\/01\/DSCF7746.jpg","width":1600,"height":2000,"caption":"hotwife sheer panties"},{"@type":"BreadcrumbList","@id":"https:\/\/la-cortigiana.it\/product\/tie-side-white-mesh-panties-hotwife\/#breadcrumb","itemListElement":[{"@type":"ListItem","position":1,"name":"Home","item":"https:\/\/la-cortigiana.it\/"},{"@type":"ListItem","position":2,"name":"Shop","item":"https:\/\/la-cortigiana.it\/shop\/"},{"@type":"ListItem","position":3,"name":"Tie-Side White Mesh Panties Hotwife"}]},{"@type":"WebSite","@id":"https:\/\/la-cortigiana.it\/#website","url":"https:\/\/la-cortigiana.it\/","name":"La Cortigiana | Gioielli con simboli discreti e pelle erotica, fatti a mano in Italia","description":"Segni silenziosi del desiderio scelto","publisher":{"@id":"https:\/\/la-cortigiana.it\/#organization"},"potentialAction":[{"@type":"SearchAction","target":{"@type":"EntryPoint","urlTemplate":"https:\/\/la-cortigiana.it\/?s={search_term_string}"},"query-input":{"@type":"PropertyValueSpecification","valueRequired":true,"valueName":"search_term_string"}}],"inLanguage":"it-IT"},{"@type":"Organization","@id":"https:\/\/la-cortigiana.it\/#organization","name":"La Cortigiana","url":"https:\/\/la-cortigiana.it\/","logo":{"@type":"ImageObject","inLanguage":"it-IT","@id":"https:\/\/la-cortigiana.it\/#\/schema\/logo\/image\/","url":"https:\/\/la-cortigiana.it\/wp-content\/uploads\/2025\/01\/La-Cortigiana.png","contentUrl":"https:\/\/la-cortigiana.it\/wp-content\/uploads\/2025\/01\/La-Cortigiana.png","width":1646,"height":575,"caption":"La Cortigiana"},"image":{"@id":"https:\/\/la-cortigiana.it\/#\/schema\/logo\/image\/"},"sameAs":["https:\/\/www.facebook.com\/LaCortigiana\/","https:\/\/x.com\/la_cortigianait","https:\/\/www.instagram.com\/la_cortigiana.it","https:\/\/substack.com\/@lacortigiana"]}]}},"_links":{"self":[{"href":"https:\/\/la-cortigiana.it\/it\/wp-json\/wp\/v2\/product\/2296","targetHints":{"allow":["GET"]}}],"collection":[{"href":"https:\/\/la-cortigiana.it\/it\/wp-json\/wp\/v2\/product"}],"about":[{"href":"https:\/\/la-cortigiana.it\/it\/wp-json\/wp\/v2\/types\/product"}],"replies":[{"embeddable":true,"href":"https:\/\/la-cortigiana.it\/it\/wp-json\/wp\/v2\/comments?post=2296"}],"wp:featuredmedia":[{"embeddable":true,"href":"https:\/\/la-cortigiana.it\/it\/wp-json\/wp\/v2\/media\/2297"}],"wp:attachment":[{"href":"https:\/\/la-cortigiana.it\/it\/wp-json\/wp\/v2\/media?parent=2296"}],"wp:term":[{"taxonomy":"product_brand","embeddable":true,"href":"https:\/\/la-cortigiana.it\/it\/wp-json\/wp\/v2\/product_brand?post=2296"},{"taxonomy":"product_cat","embeddable":true,"href":"https:\/\/la-cortigiana.it\/it\/wp-json\/wp\/v2\/product_cat?post=2296"},{"taxonomy":"product_tag","embeddable":true,"href":"https:\/\/la-cortigiana.it\/it\/wp-json\/wp\/v2\/product_tag?post=2296"}],"curies":[{"name":"wp","href":"https:\/\/api.w.org\/{rel}","templated":true}]}}