{"id":2359,"date":"2026-01-28T11:15:06","date_gmt":"2026-01-28T10:15:06","guid":{"rendered":"https:\/\/la-cortigiana.it\/?post_type=product&#038;p=2359"},"modified":"2026-01-28T11:15:07","modified_gmt":"2026-01-28T10:15:07","slug":"o-ring-collar-initiation","status":"publish","type":"product","link":"https:\/\/la-cortigiana.it\/it\/prodotto\/o-ring-collar-initiation\/","title":{"rendered":"Inizio del collare O-ring"},"content":{"rendered":"<p data-start=\"499\" data-end=\"605\">IL <strong data-start=\"503\" data-end=\"529\">Collare dell&#039;anello di iniziazione<\/strong> \u00e8 un collare in pelle minimalista caratterizzato da moderazione, struttura e intenzione.<\/p>\n<p data-start=\"607\" data-end=\"815\">Progettato attorno a un unico anello metallico oversize, questo collare riduce la forma all&#039;essenziale. Nessuna decorazione, nessun eccesso. L&#039;attenzione \u00e8 rivolta alle proporzioni, al materiale e al significato dell&#039;oggetto stesso.<\/p>\n<p data-start=\"817\" data-end=\"1116\">Realizzato a mano in Italia, il collare \u00e8 realizzato in pelle naturale italiana conciata al vegetale. La pelle viene lasciata grezza e senza rivestimenti, il che le consente di invecchiare naturalmente nel tempo. Con l&#039;uso, si scurisce, si ammorbidisce e sviluppa una patina unica. Ogni collare diventa personale, plasmato dal tatto, dal movimento e dall&#039;uso.<\/p>\n<p data-start=\"1118\" data-end=\"1363\">Il grande anello metallico funge da centro sia funzionale che simbolico. Solido, visibile e ponderato, crea un netto contrasto visivo con la pelle calda e viva. Il design enfatizza il controllo, la presenza e la transizione piuttosto che l&#039;ornamento.<\/p>\n<p data-start=\"1365\" data-end=\"1534\">Questo collare \u00e8 adatto a contesti fetish e BDSM, cos\u00ec come a un uso estetico o concettuale. Pu\u00f2 essere indossato discretamente sotto i vestiti o apertamente come elemento distintivo.<\/p>\n<p data-start=\"1536\" data-end=\"1592\">Prodotto in piccoli lotti e rifinito a mano in Italia.<\/p>\n<p data-start=\"1594\" data-end=\"1606\"><strong data-start=\"1594\" data-end=\"1606\">Dettagli:<\/strong><\/p>\n<ul data-start=\"1607\" data-end=\"1755\">\n<li data-start=\"1607\" data-end=\"1641\">\n<p data-start=\"1609\" data-end=\"1641\">Collare minimalista in pelle con anello<\/p>\n<\/li>\n<li data-start=\"1642\" data-end=\"1686\">\n<p data-start=\"1644\" data-end=\"1686\">Pelle naturale italiana conciata al vegetale<\/p>\n<\/li>\n<li data-start=\"1687\" data-end=\"1711\">\n<p data-start=\"1689\" data-end=\"1711\">Anello di metallo oversize<\/p>\n<\/li>\n<li data-start=\"1712\" data-end=\"1730\">\n<p data-start=\"1714\" data-end=\"1730\">Vestibilit\u00e0 regolabile<\/p>\n<\/li>\n<li data-start=\"1731\" data-end=\"1755\">\n<p data-start=\"1733\" data-end=\"1755\">Fatto a mano in Italia<\/p>\n<\/li>\n<\/ul>\n<p data-start=\"1757\" data-end=\"1873\">IL <strong data-start=\"1761\" data-end=\"1787\">Collare dell&#039;anello di iniziazione<\/strong> non \u00e8 destinato a rimanere incontaminato.<br data-start=\"1820\" data-end=\"1823\" \/>Segni, patina e usura fanno parte della sua evoluzione.<\/p>","protected":false},"excerpt":{"rendered":"<p>Collare minimalista in pelle con anello, realizzato artigianalmente in Italia in pelle naturale conciata al vegetale.<br data-start=\"329\" data-end=\"332\" \/>Un collare particolare con un anello metallico oversize, pensato per il fetish, il BDSM e l&#039;abbigliamento estetico.<\/p>","protected":false},"featured_media":2361,"comment_status":"open","ping_status":"closed","template":"","meta":{"nf_dc_page":"","googlesitekit_rrm_CAowrc_CDA:productID":""},"product_brand":[],"product_cat":[23],"product_tag":[31,22,34],"class_list":{"0":"post-2359","1":"product","2":"type-product","3":"status-publish","4":"has-post-thumbnail","6":"product_cat-collars-handcuffs","7":"product_tag-bdsm","8":"product_tag-choker","9":"product_tag-collar","11":"first","12":"instock","13":"shipping-taxable","14":"purchasable","15":"product-type-simple"},"yoast_head":"<!-- This site is optimized with the Yoast SEO Premium plugin v25.6 (Yoast SEO v27.4) - https:\/\/yoast.com\/product\/yoast-seo-premium-wordpress\/ -->\n<title>O-Ring Collar Initiation | Symbol Jewelry &amp; Erotic Accessories \u2013 Handmade in Italy<\/title>\n<meta name=\"description\" content=\"Indulge in O-Ring Collar Initiation \u2013 handcrafted in Italy. Discreet symbol jewelry, erotic leather accessories and intimate pieces for hotwife, cuckold and lifestyle dynamics. Worldwide shipping.\" \/>\n<meta name=\"robots\" content=\"index, follow, max-snippet:-1, max-image-preview:large, max-video-preview:-1\" \/>\n<link rel=\"canonical\" href=\"https:\/\/la-cortigiana.it\/it\/prodotto\/o-ring-collar-initiation\/\" \/>\n<meta property=\"og:locale\" content=\"it_IT\" \/>\n<meta property=\"og:type\" content=\"article\" \/>\n<meta property=\"og:title\" content=\"O-Ring Collar Initiation | La Cortigiana \u2013 Handcrafted in Italy\" \/>\n<meta property=\"og:description\" content=\"Luxury handcrafted lingerie &amp; accessories from Italy. Sheer, sensual, made for bold desires. Discreet worldwide delivery.\" \/>\n<meta property=\"og:url\" content=\"https:\/\/la-cortigiana.it\/it\/prodotto\/o-ring-collar-initiation\/\" \/>\n<meta property=\"og:site_name\" content=\"La Cortigiana | Handcrafted Leather Accessories for Bold Desires\" \/>\n<meta property=\"article:publisher\" content=\"https:\/\/www.facebook.com\/LaCortigiana\/\" \/>\n<meta property=\"article:modified_time\" content=\"2026-01-28T10:15:07+00:00\" \/>\n<meta property=\"og:image\" content=\"https:\/\/la-cortigiana.it\/wp-content\/uploads\/2026\/01\/DSCF8180.jpg\" \/>\n\t<meta property=\"og:image:width\" content=\"1600\" \/>\n\t<meta property=\"og:image:height\" content=\"2000\" \/>\n\t<meta property=\"og:image:type\" content=\"image\/jpeg\" \/>\n<meta name=\"twitter:card\" content=\"summary_large_image\" \/>\n<meta name=\"twitter:site\" content=\"@la_cortigianait\" \/>\n<meta name=\"twitter:label1\" content=\"Tempo di lettura stimato\" \/>\n\t<meta name=\"twitter:data1\" content=\"2 minuti\" \/>\n<script type=\"application\/ld+json\" class=\"yoast-schema-graph\">{\"@context\":\"https:\\\/\\\/schema.org\",\"@graph\":[{\"@type\":[\"WebPage\",\"ItemPage\"],\"@id\":\"https:\\\/\\\/la-cortigiana.it\\\/product\\\/o-ring-collar-initiation\\\/\",\"url\":\"https:\\\/\\\/la-cortigiana.it\\\/product\\\/o-ring-collar-initiation\\\/\",\"name\":\"O-Ring Collar Initiation | Symbol Jewelry & Erotic Accessories \u2013 Handmade in Italy\",\"isPartOf\":{\"@id\":\"https:\\\/\\\/la-cortigiana.it\\\/#website\"},\"primaryImageOfPage\":{\"@id\":\"https:\\\/\\\/la-cortigiana.it\\\/product\\\/o-ring-collar-initiation\\\/#primaryimage\"},\"image\":{\"@id\":\"https:\\\/\\\/la-cortigiana.it\\\/product\\\/o-ring-collar-initiation\\\/#primaryimage\"},\"thumbnailUrl\":\"https:\\\/\\\/la-cortigiana.it\\\/wp-content\\\/uploads\\\/2026\\\/01\\\/DSCF8180.jpg\",\"datePublished\":\"2026-01-28T10:15:06+00:00\",\"dateModified\":\"2026-01-28T10:15:07+00:00\",\"description\":\"Indulge in O-Ring Collar Initiation \u2013 handcrafted in Italy. Discreet symbol jewelry, erotic leather accessories and intimate pieces for hotwife, cuckold and lifestyle dynamics. Worldwide shipping.\",\"breadcrumb\":{\"@id\":\"https:\\\/\\\/la-cortigiana.it\\\/product\\\/o-ring-collar-initiation\\\/#breadcrumb\"},\"inLanguage\":\"it-IT\",\"potentialAction\":[{\"@type\":\"ReadAction\",\"target\":[\"https:\\\/\\\/la-cortigiana.it\\\/product\\\/o-ring-collar-initiation\\\/\"]}]},{\"@type\":\"ImageObject\",\"inLanguage\":\"it-IT\",\"@id\":\"https:\\\/\\\/la-cortigiana.it\\\/product\\\/o-ring-collar-initiation\\\/#primaryimage\",\"url\":\"https:\\\/\\\/la-cortigiana.it\\\/wp-content\\\/uploads\\\/2026\\\/01\\\/DSCF8180.jpg\",\"contentUrl\":\"https:\\\/\\\/la-cortigiana.it\\\/wp-content\\\/uploads\\\/2026\\\/01\\\/DSCF8180.jpg\",\"width\":1600,\"height\":2000,\"caption\":\"Initiation - Ring Collar by La Cortigiana\"},{\"@type\":\"BreadcrumbList\",\"@id\":\"https:\\\/\\\/la-cortigiana.it\\\/product\\\/o-ring-collar-initiation\\\/#breadcrumb\",\"itemListElement\":[{\"@type\":\"ListItem\",\"position\":1,\"name\":\"Home\",\"item\":\"https:\\\/\\\/la-cortigiana.it\\\/\"},{\"@type\":\"ListItem\",\"position\":2,\"name\":\"Shop\",\"item\":\"https:\\\/\\\/la-cortigiana.it\\\/shop\\\/\"},{\"@type\":\"ListItem\",\"position\":3,\"name\":\"O-Ring Collar Initiation\"}]},{\"@type\":\"WebSite\",\"@id\":\"https:\\\/\\\/la-cortigiana.it\\\/#website\",\"url\":\"https:\\\/\\\/la-cortigiana.it\\\/\",\"name\":\"La Cortigiana | Discreet Symbol Jewelry & Erotic Leather, Handmade in Italy\",\"description\":\"Quiet Marks of Chosen Desire\",\"publisher\":{\"@id\":\"https:\\\/\\\/la-cortigiana.it\\\/#organization\"},\"potentialAction\":[{\"@type\":\"SearchAction\",\"target\":{\"@type\":\"EntryPoint\",\"urlTemplate\":\"https:\\\/\\\/la-cortigiana.it\\\/?s={search_term_string}\"},\"query-input\":{\"@type\":\"PropertyValueSpecification\",\"valueRequired\":true,\"valueName\":\"search_term_string\"}}],\"inLanguage\":\"it-IT\"},{\"@type\":\"Organization\",\"@id\":\"https:\\\/\\\/la-cortigiana.it\\\/#organization\",\"name\":\"La Cortigiana\",\"url\":\"https:\\\/\\\/la-cortigiana.it\\\/\",\"logo\":{\"@type\":\"ImageObject\",\"inLanguage\":\"it-IT\",\"@id\":\"https:\\\/\\\/la-cortigiana.it\\\/#\\\/schema\\\/logo\\\/image\\\/\",\"url\":\"https:\\\/\\\/la-cortigiana.it\\\/wp-content\\\/uploads\\\/2025\\\/01\\\/La-Cortigiana.png\",\"contentUrl\":\"https:\\\/\\\/la-cortigiana.it\\\/wp-content\\\/uploads\\\/2025\\\/01\\\/La-Cortigiana.png\",\"width\":1646,\"height\":575,\"caption\":\"La Cortigiana\"},\"image\":{\"@id\":\"https:\\\/\\\/la-cortigiana.it\\\/#\\\/schema\\\/logo\\\/image\\\/\"},\"sameAs\":[\"https:\\\/\\\/www.facebook.com\\\/LaCortigiana\\\/\",\"https:\\\/\\\/x.com\\\/la_cortigianait\",\"https:\\\/\\\/www.instagram.com\\\/la_cortigiana.it\",\"https:\\\/\\\/substack.com\\\/@lacortigiana\"]}]}<\/script>\n<!-- \/ Yoast SEO Premium plugin. -->","yoast_head_json":{"title":"O-Ring Collar Initiation | Symbol Jewelry & Erotic Accessories \u2013 Handmade in Italy","description":"Indulge in O-Ring Collar Initiation \u2013 handcrafted in Italy. Discreet symbol jewelry, erotic leather accessories and intimate pieces for hotwife, cuckold and lifestyle dynamics. Worldwide shipping.","robots":{"index":"index","follow":"follow","max-snippet":"max-snippet:-1","max-image-preview":"max-image-preview:large","max-video-preview":"max-video-preview:-1"},"canonical":"https:\/\/la-cortigiana.it\/it\/prodotto\/o-ring-collar-initiation\/","og_locale":"it_IT","og_type":"article","og_title":"O-Ring Collar Initiation | La Cortigiana \u2013 Handcrafted in Italy","og_description":"Luxury handcrafted lingerie & accessories from Italy. Sheer, sensual, made for bold desires. Discreet worldwide delivery.","og_url":"https:\/\/la-cortigiana.it\/it\/prodotto\/o-ring-collar-initiation\/","og_site_name":"La Cortigiana | Handcrafted Leather Accessories for Bold Desires","article_publisher":"https:\/\/www.facebook.com\/LaCortigiana\/","article_modified_time":"2026-01-28T10:15:07+00:00","og_image":[{"width":1600,"height":2000,"url":"https:\/\/la-cortigiana.it\/wp-content\/uploads\/2026\/01\/DSCF8180.jpg","type":"image\/jpeg"}],"twitter_card":"summary_large_image","twitter_site":"@la_cortigianait","twitter_misc":{"Tempo di lettura stimato":"2 minuti"},"schema":{"@context":"https:\/\/schema.org","@graph":[{"@type":["WebPage","ItemPage"],"@id":"https:\/\/la-cortigiana.it\/product\/o-ring-collar-initiation\/","url":"https:\/\/la-cortigiana.it\/product\/o-ring-collar-initiation\/","name":"O-Ring Collar Initiation | Symbol Jewelry & Erotic Accessories \u2013 Handmade in Italy","isPartOf":{"@id":"https:\/\/la-cortigiana.it\/#website"},"primaryImageOfPage":{"@id":"https:\/\/la-cortigiana.it\/product\/o-ring-collar-initiation\/#primaryimage"},"image":{"@id":"https:\/\/la-cortigiana.it\/product\/o-ring-collar-initiation\/#primaryimage"},"thumbnailUrl":"https:\/\/la-cortigiana.it\/wp-content\/uploads\/2026\/01\/DSCF8180.jpg","datePublished":"2026-01-28T10:15:06+00:00","dateModified":"2026-01-28T10:15:07+00:00","description":"Indulge in O-Ring Collar Initiation \u2013 handcrafted in Italy. Discreet symbol jewelry, erotic leather accessories and intimate pieces for hotwife, cuckold and lifestyle dynamics. Worldwide shipping.","breadcrumb":{"@id":"https:\/\/la-cortigiana.it\/product\/o-ring-collar-initiation\/#breadcrumb"},"inLanguage":"it-IT","potentialAction":[{"@type":"ReadAction","target":["https:\/\/la-cortigiana.it\/product\/o-ring-collar-initiation\/"]}]},{"@type":"ImageObject","inLanguage":"it-IT","@id":"https:\/\/la-cortigiana.it\/product\/o-ring-collar-initiation\/#primaryimage","url":"https:\/\/la-cortigiana.it\/wp-content\/uploads\/2026\/01\/DSCF8180.jpg","contentUrl":"https:\/\/la-cortigiana.it\/wp-content\/uploads\/2026\/01\/DSCF8180.jpg","width":1600,"height":2000,"caption":"Initiation - Ring Collar by La Cortigiana"},{"@type":"BreadcrumbList","@id":"https:\/\/la-cortigiana.it\/product\/o-ring-collar-initiation\/#breadcrumb","itemListElement":[{"@type":"ListItem","position":1,"name":"Home","item":"https:\/\/la-cortigiana.it\/"},{"@type":"ListItem","position":2,"name":"Shop","item":"https:\/\/la-cortigiana.it\/shop\/"},{"@type":"ListItem","position":3,"name":"O-Ring Collar Initiation"}]},{"@type":"WebSite","@id":"https:\/\/la-cortigiana.it\/#website","url":"https:\/\/la-cortigiana.it\/","name":"La Cortigiana | Gioielli con simboli discreti e pelle erotica, fatti a mano in Italia","description":"Segni silenziosi del desiderio scelto","publisher":{"@id":"https:\/\/la-cortigiana.it\/#organization"},"potentialAction":[{"@type":"SearchAction","target":{"@type":"EntryPoint","urlTemplate":"https:\/\/la-cortigiana.it\/?s={search_term_string}"},"query-input":{"@type":"PropertyValueSpecification","valueRequired":true,"valueName":"search_term_string"}}],"inLanguage":"it-IT"},{"@type":"Organization","@id":"https:\/\/la-cortigiana.it\/#organization","name":"La Cortigiana","url":"https:\/\/la-cortigiana.it\/","logo":{"@type":"ImageObject","inLanguage":"it-IT","@id":"https:\/\/la-cortigiana.it\/#\/schema\/logo\/image\/","url":"https:\/\/la-cortigiana.it\/wp-content\/uploads\/2025\/01\/La-Cortigiana.png","contentUrl":"https:\/\/la-cortigiana.it\/wp-content\/uploads\/2025\/01\/La-Cortigiana.png","width":1646,"height":575,"caption":"La Cortigiana"},"image":{"@id":"https:\/\/la-cortigiana.it\/#\/schema\/logo\/image\/"},"sameAs":["https:\/\/www.facebook.com\/LaCortigiana\/","https:\/\/x.com\/la_cortigianait","https:\/\/www.instagram.com\/la_cortigiana.it","https:\/\/substack.com\/@lacortigiana"]}]}},"_links":{"self":[{"href":"https:\/\/la-cortigiana.it\/it\/wp-json\/wp\/v2\/product\/2359","targetHints":{"allow":["GET"]}}],"collection":[{"href":"https:\/\/la-cortigiana.it\/it\/wp-json\/wp\/v2\/product"}],"about":[{"href":"https:\/\/la-cortigiana.it\/it\/wp-json\/wp\/v2\/types\/product"}],"replies":[{"embeddable":true,"href":"https:\/\/la-cortigiana.it\/it\/wp-json\/wp\/v2\/comments?post=2359"}],"wp:featuredmedia":[{"embeddable":true,"href":"https:\/\/la-cortigiana.it\/it\/wp-json\/wp\/v2\/media\/2361"}],"wp:attachment":[{"href":"https:\/\/la-cortigiana.it\/it\/wp-json\/wp\/v2\/media?parent=2359"}],"wp:term":[{"taxonomy":"product_brand","embeddable":true,"href":"https:\/\/la-cortigiana.it\/it\/wp-json\/wp\/v2\/product_brand?post=2359"},{"taxonomy":"product_cat","embeddable":true,"href":"https:\/\/la-cortigiana.it\/it\/wp-json\/wp\/v2\/product_cat?post=2359"},{"taxonomy":"product_tag","embeddable":true,"href":"https:\/\/la-cortigiana.it\/it\/wp-json\/wp\/v2\/product_tag?post=2359"}],"curies":[{"name":"wp","href":"https:\/\/api.w.org\/{rel}","templated":true}]}}