{"id":42,"date":"2025-01-03T19:14:56","date_gmt":"2025-01-03T18:14:56","guid":{"rendered":"https:\/\/jcj.qow.mybluehost.me\/?post_type=product&#038;p=42"},"modified":"2025-10-10T02:51:02","modified_gmt":"2025-10-10T01:51:02","slug":"enleather-shoulder-bag-with-skulldelederumhangetasche-mit-totenkopf","status":"publish","type":"product","link":"https:\/\/la-cortigiana.it\/it\/prodotto\/enleather-shoulder-bag-with-skulldelederumhangetasche-mit-totenkopf\/","title":{"rendered":"Borsa a tracolla in pelle con teschio"},"content":{"rendered":"<p><strong>Borsa in pelle tutto in uno: dal giorno al desiderio<\/strong><\/p>\n<p>Questo versatile pezzo \u00e8 pi\u00f9 di una borsa: \u00e8 un accessorio che si adatta facilmente al tuo umore e alle tue intenzioni. Realizzato a mano in Italia con materiali di prima qualit\u00e0. <strong>pelle di vitello trapuntata nera<\/strong>, funziona come un <strong>borsa a tracolla<\/strong>, <strong>tracolla<\/strong>, O <strong>pochette da sera<\/strong>, adattandosi al tuo stile, dalle uscite informali alle serate intime.<\/p>\n<h3>Tre modi di indossarlo<\/h3>\n<ul>\n<li>\n<p>Come un <strong>tracolla<\/strong> oppure indossato lungo sulla spalla: elegante e funzionale per l&#039;uso quotidiano.<\/p>\n<\/li>\n<li>\n<p>Come un <strong>pochette da sera elegante<\/strong> \u2014 un capo minimalista per le occasioni serali.<\/p>\n<\/li>\n<li>\n<p><strong>Bloccato al polso<\/strong> \u2014 abbinalo alle manette in pelle opzionali per un tocco audace e giocoso.<\/p>\n<\/li>\n<\/ul>\n<h3>Design e dettagli<\/h3>\n<p>La sua silhouette classica \u00e8 esaltata da un <strong>motivo inciso unico<\/strong> e un <strong>teschio di zucchero in bronzo<\/strong>, trasformando un pezzo senza tempo in un&#039;audace espressione di individualit\u00e0. All&#039;interno, c&#039;\u00e8 ampio spazio per i tuoi oggetti essenziali: telefono, portafoglio, chiavi e altro ancora, senza rinunciare all&#039;eleganza o al comfort.<\/p>\n<h3>Caratteristiche<\/h3>\n<ul>\n<li>Fatto a mano con materiali di prima qualit\u00e0 <strong>Pelle di vitello trapuntata italiana<\/strong><\/li>\n<li><strong>Tracolla in catena di bronzo rimovibile e regolabile<\/strong> per uno stile versatile<\/li>\n<li><strong>Manette in pelle opzionali<\/strong> per un tocco in pi\u00f9<\/li>\n<li><strong>Chiusura magnetica sicura<\/strong> mantiene i contenuti al sicuro<\/li>\n<li>Presentato in un <strong>lussuosa scatola regalo in legno<\/strong><\/li>\n<\/ul>\n<h3>Misurare<\/h3>\n<p>Dimensioni: 28 \u00d7 16 cm (11\u2033 \u00d7 6\u2033): compatto ma abbastanza spazioso per contenere gli oggetti essenziali di tutti i giorni.<\/p>\n<h3>Produzione e cura<\/h3>\n<p>Ogni borsa \u00e8 <strong>100% fatto a mano<\/strong>, il che significa che i tempi di produzione possono variare. Gli ordini vengono generalmente elaborati e spediti entro 5-10 giorni lavorativi. Vi preghiamo di contattarci se avete bisogno del vostro articolo entro una data specifica.<\/p>\n<p><em>Nota:<\/em> A causa delle diverse impostazioni dello schermo, il colore effettivo della borsa potrebbe differire leggermente dalle foto.<\/p>","protected":false},"excerpt":{"rendered":"<p>[:de]Alles in einem: Umh\u00e4ngetasche aus Leder, Cross Body Bag und eine Abendkupplung, die in Italien aus dem hochwertigen schwarzen italienischen Leder handgefertigt wird.[:]<\/p>\n","protected":false},"featured_media":170,"comment_status":"open","ping_status":"closed","template":"","meta":{"nf_dc_page":"","googlesitekit_rrm_CAowrc_CDA:productID":""},"product_brand":[],"product_cat":[20],"product_tag":[],"class_list":{"0":"post-42","1":"product","2":"type-product","3":"status-publish","4":"has-post-thumbnail","6":"product_cat-uncategorized","8":"first","9":"outofstock","10":"shipping-taxable","11":"product-type-simple"},"yoast_head":"<!-- This site is optimized with the Yoast SEO Premium plugin v25.6 (Yoast SEO v27.4) - https:\/\/yoast.com\/product\/yoast-seo-premium-wordpress\/ -->\n<title>Leather shoulder bag with skull | Symbol Jewelry &amp; Erotic Accessories \u2013 Handmade in Italy<\/title>\n<meta name=\"description\" content=\"Indulge in Leather shoulder bag with skull \u2013 handcrafted in Italy. Discreet symbol jewelry, erotic leather accessories and intimate pieces for hotwife, cuckold and lifestyle dynamics. Worldwide shipping.\" \/>\n<meta name=\"robots\" content=\"index, follow, max-snippet:-1, max-image-preview:large, max-video-preview:-1\" \/>\n<link rel=\"canonical\" href=\"https:\/\/la-cortigiana.it\/it\/prodotto\/enleather-shoulder-bag-with-skulldelederumhangetasche-mit-totenkopf\/\" \/>\n<meta property=\"og:locale\" content=\"it_IT\" \/>\n<meta property=\"og:type\" content=\"article\" \/>\n<meta property=\"og:title\" content=\"Leather shoulder bag with skull | La Cortigiana \u2013 Handcrafted in Italy\" \/>\n<meta property=\"og:description\" content=\"Luxury handcrafted lingerie &amp; accessories from Italy. Sheer, sensual, made for bold desires. Discreet worldwide delivery.\" \/>\n<meta property=\"og:url\" content=\"https:\/\/la-cortigiana.it\/it\/prodotto\/enleather-shoulder-bag-with-skulldelederumhangetasche-mit-totenkopf\/\" \/>\n<meta property=\"og:site_name\" content=\"La Cortigiana | Handcrafted Leather Accessories for Bold Desires\" \/>\n<meta property=\"article:publisher\" content=\"https:\/\/www.facebook.com\/LaCortigiana\/\" \/>\n<meta property=\"article:modified_time\" content=\"2025-10-10T01:51:02+00:00\" \/>\n<meta property=\"og:image\" content=\"https:\/\/la-cortigiana.it\/wp-content\/uploads\/2025\/01\/Leather-cross-body-bag4.jpg\" \/>\n\t<meta property=\"og:image:width\" content=\"1000\" \/>\n\t<meta property=\"og:image:height\" content=\"667\" \/>\n\t<meta property=\"og:image:type\" content=\"image\/jpeg\" \/>\n<meta name=\"twitter:card\" content=\"summary_large_image\" \/>\n<meta name=\"twitter:site\" content=\"@la_cortigianait\" \/>\n<meta name=\"twitter:label1\" content=\"Tempo di lettura stimato\" \/>\n\t<meta name=\"twitter:data1\" content=\"1 minuto\" \/>\n<script type=\"application\/ld+json\" class=\"yoast-schema-graph\">{\"@context\":\"https:\\\/\\\/schema.org\",\"@graph\":[{\"@type\":[\"WebPage\",\"ItemPage\"],\"@id\":\"https:\\\/\\\/la-cortigiana.it\\\/product\\\/enleather-shoulder-bag-with-skulldelederumhangetasche-mit-totenkopf\\\/\",\"url\":\"https:\\\/\\\/la-cortigiana.it\\\/product\\\/enleather-shoulder-bag-with-skulldelederumhangetasche-mit-totenkopf\\\/\",\"name\":\"Leather shoulder bag with skull | Symbol Jewelry & Erotic Accessories \u2013 Handmade in Italy\",\"isPartOf\":{\"@id\":\"https:\\\/\\\/la-cortigiana.it\\\/#website\"},\"primaryImageOfPage\":{\"@id\":\"https:\\\/\\\/la-cortigiana.it\\\/product\\\/enleather-shoulder-bag-with-skulldelederumhangetasche-mit-totenkopf\\\/#primaryimage\"},\"image\":{\"@id\":\"https:\\\/\\\/la-cortigiana.it\\\/product\\\/enleather-shoulder-bag-with-skulldelederumhangetasche-mit-totenkopf\\\/#primaryimage\"},\"thumbnailUrl\":\"https:\\\/\\\/la-cortigiana.it\\\/wp-content\\\/uploads\\\/2025\\\/01\\\/Leather-cross-body-bag4.jpg\",\"datePublished\":\"2025-01-03T18:14:56+00:00\",\"dateModified\":\"2025-10-10T01:51:02+00:00\",\"description\":\"Indulge in Leather shoulder bag with skull \u2013 handcrafted in Italy. Discreet symbol jewelry, erotic leather accessories and intimate pieces for hotwife, cuckold and lifestyle dynamics. Worldwide shipping.\",\"breadcrumb\":{\"@id\":\"https:\\\/\\\/la-cortigiana.it\\\/product\\\/enleather-shoulder-bag-with-skulldelederumhangetasche-mit-totenkopf\\\/#breadcrumb\"},\"inLanguage\":\"it-IT\",\"potentialAction\":[{\"@type\":\"ReadAction\",\"target\":[\"https:\\\/\\\/la-cortigiana.it\\\/product\\\/enleather-shoulder-bag-with-skulldelederumhangetasche-mit-totenkopf\\\/\"]}]},{\"@type\":\"ImageObject\",\"inLanguage\":\"it-IT\",\"@id\":\"https:\\\/\\\/la-cortigiana.it\\\/product\\\/enleather-shoulder-bag-with-skulldelederumhangetasche-mit-totenkopf\\\/#primaryimage\",\"url\":\"https:\\\/\\\/la-cortigiana.it\\\/wp-content\\\/uploads\\\/2025\\\/01\\\/Leather-cross-body-bag4.jpg\",\"contentUrl\":\"https:\\\/\\\/la-cortigiana.it\\\/wp-content\\\/uploads\\\/2025\\\/01\\\/Leather-cross-body-bag4.jpg\",\"width\":1000,\"height\":667},{\"@type\":\"BreadcrumbList\",\"@id\":\"https:\\\/\\\/la-cortigiana.it\\\/product\\\/enleather-shoulder-bag-with-skulldelederumhangetasche-mit-totenkopf\\\/#breadcrumb\",\"itemListElement\":[{\"@type\":\"ListItem\",\"position\":1,\"name\":\"Home\",\"item\":\"https:\\\/\\\/la-cortigiana.it\\\/\"},{\"@type\":\"ListItem\",\"position\":2,\"name\":\"Shop\",\"item\":\"https:\\\/\\\/la-cortigiana.it\\\/shop\\\/\"},{\"@type\":\"ListItem\",\"position\":3,\"name\":\"Leather shoulder bag with skull\"}]},{\"@type\":\"WebSite\",\"@id\":\"https:\\\/\\\/la-cortigiana.it\\\/#website\",\"url\":\"https:\\\/\\\/la-cortigiana.it\\\/\",\"name\":\"La Cortigiana | Discreet Symbol Jewelry & Erotic Leather, Handmade in Italy\",\"description\":\"Quiet Marks of Chosen Desire\",\"publisher\":{\"@id\":\"https:\\\/\\\/la-cortigiana.it\\\/#organization\"},\"potentialAction\":[{\"@type\":\"SearchAction\",\"target\":{\"@type\":\"EntryPoint\",\"urlTemplate\":\"https:\\\/\\\/la-cortigiana.it\\\/?s={search_term_string}\"},\"query-input\":{\"@type\":\"PropertyValueSpecification\",\"valueRequired\":true,\"valueName\":\"search_term_string\"}}],\"inLanguage\":\"it-IT\"},{\"@type\":\"Organization\",\"@id\":\"https:\\\/\\\/la-cortigiana.it\\\/#organization\",\"name\":\"La Cortigiana\",\"url\":\"https:\\\/\\\/la-cortigiana.it\\\/\",\"logo\":{\"@type\":\"ImageObject\",\"inLanguage\":\"it-IT\",\"@id\":\"https:\\\/\\\/la-cortigiana.it\\\/#\\\/schema\\\/logo\\\/image\\\/\",\"url\":\"https:\\\/\\\/la-cortigiana.it\\\/wp-content\\\/uploads\\\/2025\\\/01\\\/La-Cortigiana.png\",\"contentUrl\":\"https:\\\/\\\/la-cortigiana.it\\\/wp-content\\\/uploads\\\/2025\\\/01\\\/La-Cortigiana.png\",\"width\":1646,\"height\":575,\"caption\":\"La Cortigiana\"},\"image\":{\"@id\":\"https:\\\/\\\/la-cortigiana.it\\\/#\\\/schema\\\/logo\\\/image\\\/\"},\"sameAs\":[\"https:\\\/\\\/www.facebook.com\\\/LaCortigiana\\\/\",\"https:\\\/\\\/x.com\\\/la_cortigianait\",\"https:\\\/\\\/www.instagram.com\\\/la_cortigiana.it\",\"https:\\\/\\\/substack.com\\\/@lacortigiana\"]}]}<\/script>\n<!-- \/ Yoast SEO Premium plugin. -->","yoast_head_json":{"title":"Leather shoulder bag with skull | Symbol Jewelry & Erotic Accessories \u2013 Handmade in Italy","description":"Indulge in Leather shoulder bag with skull \u2013 handcrafted in Italy. Discreet symbol jewelry, erotic leather accessories and intimate pieces for hotwife, cuckold and lifestyle dynamics. Worldwide shipping.","robots":{"index":"index","follow":"follow","max-snippet":"max-snippet:-1","max-image-preview":"max-image-preview:large","max-video-preview":"max-video-preview:-1"},"canonical":"https:\/\/la-cortigiana.it\/it\/prodotto\/enleather-shoulder-bag-with-skulldelederumhangetasche-mit-totenkopf\/","og_locale":"it_IT","og_type":"article","og_title":"Leather shoulder bag with skull | La Cortigiana \u2013 Handcrafted in Italy","og_description":"Luxury handcrafted lingerie & accessories from Italy. Sheer, sensual, made for bold desires. Discreet worldwide delivery.","og_url":"https:\/\/la-cortigiana.it\/it\/prodotto\/enleather-shoulder-bag-with-skulldelederumhangetasche-mit-totenkopf\/","og_site_name":"La Cortigiana | Handcrafted Leather Accessories for Bold Desires","article_publisher":"https:\/\/www.facebook.com\/LaCortigiana\/","article_modified_time":"2025-10-10T01:51:02+00:00","og_image":[{"width":1000,"height":667,"url":"https:\/\/la-cortigiana.it\/wp-content\/uploads\/2025\/01\/Leather-cross-body-bag4.jpg","type":"image\/jpeg"}],"twitter_card":"summary_large_image","twitter_site":"@la_cortigianait","twitter_misc":{"Tempo di lettura stimato":"1 minuto"},"schema":{"@context":"https:\/\/schema.org","@graph":[{"@type":["WebPage","ItemPage"],"@id":"https:\/\/la-cortigiana.it\/product\/enleather-shoulder-bag-with-skulldelederumhangetasche-mit-totenkopf\/","url":"https:\/\/la-cortigiana.it\/product\/enleather-shoulder-bag-with-skulldelederumhangetasche-mit-totenkopf\/","name":"Leather shoulder bag with skull | Symbol Jewelry & Erotic Accessories \u2013 Handmade in Italy","isPartOf":{"@id":"https:\/\/la-cortigiana.it\/#website"},"primaryImageOfPage":{"@id":"https:\/\/la-cortigiana.it\/product\/enleather-shoulder-bag-with-skulldelederumhangetasche-mit-totenkopf\/#primaryimage"},"image":{"@id":"https:\/\/la-cortigiana.it\/product\/enleather-shoulder-bag-with-skulldelederumhangetasche-mit-totenkopf\/#primaryimage"},"thumbnailUrl":"https:\/\/la-cortigiana.it\/wp-content\/uploads\/2025\/01\/Leather-cross-body-bag4.jpg","datePublished":"2025-01-03T18:14:56+00:00","dateModified":"2025-10-10T01:51:02+00:00","description":"Indulge in Leather shoulder bag with skull \u2013 handcrafted in Italy. Discreet symbol jewelry, erotic leather accessories and intimate pieces for hotwife, cuckold and lifestyle dynamics. Worldwide shipping.","breadcrumb":{"@id":"https:\/\/la-cortigiana.it\/product\/enleather-shoulder-bag-with-skulldelederumhangetasche-mit-totenkopf\/#breadcrumb"},"inLanguage":"it-IT","potentialAction":[{"@type":"ReadAction","target":["https:\/\/la-cortigiana.it\/product\/enleather-shoulder-bag-with-skulldelederumhangetasche-mit-totenkopf\/"]}]},{"@type":"ImageObject","inLanguage":"it-IT","@id":"https:\/\/la-cortigiana.it\/product\/enleather-shoulder-bag-with-skulldelederumhangetasche-mit-totenkopf\/#primaryimage","url":"https:\/\/la-cortigiana.it\/wp-content\/uploads\/2025\/01\/Leather-cross-body-bag4.jpg","contentUrl":"https:\/\/la-cortigiana.it\/wp-content\/uploads\/2025\/01\/Leather-cross-body-bag4.jpg","width":1000,"height":667},{"@type":"BreadcrumbList","@id":"https:\/\/la-cortigiana.it\/product\/enleather-shoulder-bag-with-skulldelederumhangetasche-mit-totenkopf\/#breadcrumb","itemListElement":[{"@type":"ListItem","position":1,"name":"Home","item":"https:\/\/la-cortigiana.it\/"},{"@type":"ListItem","position":2,"name":"Shop","item":"https:\/\/la-cortigiana.it\/shop\/"},{"@type":"ListItem","position":3,"name":"Leather shoulder bag with skull"}]},{"@type":"WebSite","@id":"https:\/\/la-cortigiana.it\/#website","url":"https:\/\/la-cortigiana.it\/","name":"La Cortigiana | Gioielli con simboli discreti e pelle erotica, fatti a mano in Italia","description":"Segni silenziosi del desiderio scelto","publisher":{"@id":"https:\/\/la-cortigiana.it\/#organization"},"potentialAction":[{"@type":"SearchAction","target":{"@type":"EntryPoint","urlTemplate":"https:\/\/la-cortigiana.it\/?s={search_term_string}"},"query-input":{"@type":"PropertyValueSpecification","valueRequired":true,"valueName":"search_term_string"}}],"inLanguage":"it-IT"},{"@type":"Organization","@id":"https:\/\/la-cortigiana.it\/#organization","name":"La Cortigiana","url":"https:\/\/la-cortigiana.it\/","logo":{"@type":"ImageObject","inLanguage":"it-IT","@id":"https:\/\/la-cortigiana.it\/#\/schema\/logo\/image\/","url":"https:\/\/la-cortigiana.it\/wp-content\/uploads\/2025\/01\/La-Cortigiana.png","contentUrl":"https:\/\/la-cortigiana.it\/wp-content\/uploads\/2025\/01\/La-Cortigiana.png","width":1646,"height":575,"caption":"La Cortigiana"},"image":{"@id":"https:\/\/la-cortigiana.it\/#\/schema\/logo\/image\/"},"sameAs":["https:\/\/www.facebook.com\/LaCortigiana\/","https:\/\/x.com\/la_cortigianait","https:\/\/www.instagram.com\/la_cortigiana.it","https:\/\/substack.com\/@lacortigiana"]}]}},"_links":{"self":[{"href":"https:\/\/la-cortigiana.it\/it\/wp-json\/wp\/v2\/product\/42","targetHints":{"allow":["GET"]}}],"collection":[{"href":"https:\/\/la-cortigiana.it\/it\/wp-json\/wp\/v2\/product"}],"about":[{"href":"https:\/\/la-cortigiana.it\/it\/wp-json\/wp\/v2\/types\/product"}],"replies":[{"embeddable":true,"href":"https:\/\/la-cortigiana.it\/it\/wp-json\/wp\/v2\/comments?post=42"}],"wp:featuredmedia":[{"embeddable":true,"href":"https:\/\/la-cortigiana.it\/it\/wp-json\/wp\/v2\/media\/170"}],"wp:attachment":[{"href":"https:\/\/la-cortigiana.it\/it\/wp-json\/wp\/v2\/media?parent=42"}],"wp:term":[{"taxonomy":"product_brand","embeddable":true,"href":"https:\/\/la-cortigiana.it\/it\/wp-json\/wp\/v2\/product_brand?post=42"},{"taxonomy":"product_cat","embeddable":true,"href":"https:\/\/la-cortigiana.it\/it\/wp-json\/wp\/v2\/product_cat?post=42"},{"taxonomy":"product_tag","embeddable":true,"href":"https:\/\/la-cortigiana.it\/it\/wp-json\/wp\/v2\/product_tag?post=42"}],"curies":[{"name":"wp","href":"https:\/\/api.w.org\/{rel}","templated":true}]}}